{"id":944,"date":"2025-10-17T18:04:38","date_gmt":"2025-10-17T21:04:38","guid":{"rendered":"https:\/\/www.salavirtual.com.ar\/plataformaz\/?post_type=product&#038;p=944"},"modified":"2026-02-12T12:44:44","modified_gmt":"2026-02-12T15:44:44","slug":"combo-f-los-agentes-extintores-incluye-cursos-14-15-16","status":"publish","type":"product","link":"https:\/\/www.salavirtual.com.ar\/plataformaz\/producto\/combo-f-los-agentes-extintores-incluye-cursos-14-15-16\/","title":{"rendered":"COMBO F: Los Agentes Extintores (incluye cursos #14\/#15\/#16)"},"content":{"rendered":"<p><span style=\"text-decoration: underline; color: #000000;\"><strong>Propuesta<\/strong><\/span><\/p>\r\n<p><span style=\"color: #000000;\"> El presente es una oferta de los cursos relacionados a los Agentes Extintores, que incluye:<\/span><\/p>\r\n<ul>\r\n<li><span style=\"color: #000000;\">CURSO #14: El Agua como Agente Extintor<\/span><\/li>\r\n<li><span style=\"color: #000000;\">CURSO #15: La Espuma como Agente Extintor<\/span><\/li>\r\n<li><span style=\"color: #000000;\">CURSO #16: El CO2 como Agente Extintor<\/span><\/li>\r\n<\/ul>\r\n<p><span style=\"color: #000000;\"><!-- \/wp:post-content -->\r\n\r\n<!-- wp:paragraph --><\/span><\/p>\r\n<p id=\"yui_3_17_2_1_1760618229185_1591\" data-key=\"161\"><span style=\"text-decoration: underline; color: #000000;\"><strong id=\"yui_3_17_2_1_1760618229185_1592\" data-slate-leaf=\"true\">Docente<\/strong><\/span><\/p>\r\n<p><span style=\"color: #000000;\"><span id=\"yui_3_17_2_1_1760618229185_1596\" data-key=\"170\"><span id=\"yui_3_17_2_1_1760618229185_1597\" data-offset-key=\"170:0\">Ing. N\u00e9stor Adolfo BOTTA<\/span><\/span> <span id=\"yui_3_17_2_1_1760618229185_1599\" data-key=\"172\"><span id=\"yui_3_17_2_1_1760618229185_1600\" data-offset-key=\"172:0\">Consultas a\u00a0<\/span><\/span><a id=\"yui_3_17_2_1_1760618229185_1601\" style=\"color: #000000;\" href=\"mailto:nestor.botta@redproteger.com.ar\" data-key=\"173\">nestor.botta@redproteger.com.ar<\/a><\/span><\/p>\r\n<p data-key=\"175\"><span style=\"text-decoration: underline; color: #000000;\"><strong data-slate-leaf=\"true\">Modalidad<\/strong><\/span><\/p>\r\n<p><span style=\"color: #000000;\">Los cursos son del tipo virtual a distancia asincr\u00f3nico. Se puede ingresar al sal\u00f3n virtual en el momento que el alumno disponga de tiempo. No hay limitaciones de tiempo dentro del plazo para la culminaci\u00f3n del curso.<\/span><\/p>\r\n<p><span style=\"color: #000000;\"><!-- \/wp:paragraph -->\r\n\r\n<!-- wp:paragraph --><\/span><\/p>\r\n<p><span style=\"color: #000000;\">Se entrega material de lectura digital.<\/span><\/p>\r\n<p><span style=\"color: #000000;\"><!-- \/wp:paragraph -->\r\n\r\n<!-- wp:paragraph --><\/span><\/p>\r\n<p><span style=\"color: #000000;\">Se emite certificado de aprobado digital cuando se cumplan todas las actividades con una nota mayor a 6\/10. <\/span><\/p>\r\n<p><span style=\"color: #000000;\"><!-- \/wp:paragraph -->\r\n\r\n<!-- wp:paragraph --><\/span><\/p>\r\n<p><span style=\"text-decoration: underline; color: #000000;\"><strong>Ingreso a la Sala Virtual<\/strong><\/span><\/p>\r\n<p><span style=\"color: #000000;\"><!-- \/wp:paragraph -->\r\n\r\n<!-- wp:paragraph --><\/span><\/p>\r\n<p><span style=\"color: #000000;\">Una vez acreditado el pago, ser\u00e1 enviado en forma inmediata un email con las instrucciones y la clave de matriculaci\u00f3n para acceder a la Sala, para lo cual se deber\u00e1 realizar el registro en <a style=\"color: #000000;\" href=\"http:\/\/www.salavirtual.com.ar\">www.salavirtual.com.ar<\/a>.<\/span><\/p>\r\n<p><span style=\"color: #000000;\"><!-- \/wp:paragraph -->\r\n\r\n<!-- wp:paragraph --><\/span><\/p>\r\n<p><span style=\"text-decoration: underline; color: #000000;\"><strong>Sobre la Facturaci\u00f3n<\/strong><\/span><\/p>\r\n<p><span style=\"color: #000000;\"><!-- \/wp:paragraph -->\r\n\r\n<!-- wp:paragraph --><\/span><\/p>\r\n<p><span style=\"color: #000000;\">Se emite factura tipo \u00abC\u00bb.<\/span><\/p>\r\n<p><span style=\"color: #000000;\"><!-- \/wp:paragraph -->\r\n\r\n<!-- wp:paragraph \/-->\r\n\r\n<!-- wp:paragraph \/-->\r\n\r\n<!-- wp:paragraph --><\/span><\/p>\r\n<p><span style=\"color: #000000;\">Opci\u00f3n de abonar en D\u00f3lares v\u00eda <strong><em>Paypal<\/em><\/strong> para los que no pueden abonar en pesos argentinos (solicitar link de pago a <a style=\"color: #000000;\" href=\"mailto:info@salavirtual.com.ar\">info@salavirtual.com.ar<\/a>).<\/span><\/p>\r\n<!-- \/wp:paragraph -->\r\n\r\n","protected":false},"excerpt":{"rendered":"<p><span style=\"color: #000000;\">El presente es una oferta de los cursos relacionados a los Agentes Extintores, que incluye los cursos sobre todos los agentes extintores:<\/span><\/p>\n<ul>\n<li><span style=\"color: #000000;\">CURSO #14: El Agua como Agente Extintor<\/span><\/li>\n<li><span style=\"color: #000000;\">CURSO #15: La Espuma como Agente Extintor<\/span><\/li>\n<li><span style=\"color: #000000;\">CURSO #16: El CO2 como Agente Extintor<\/span><\/li>\n<\/ul>\n","protected":false},"featured_media":1113,"comment_status":"open","ping_status":"closed","template":"","meta":{"jetpack_publicize_message":"","jetpack_publicize_feature_enabled":true,"jetpack_social_post_already_shared":true,"jetpack_social_options":{"image_generator_settings":{"template":"highway","default_image_id":0,"font":"","enabled":false},"version":2}},"product_brand":[414],"product_cat":[383,403],"product_tag":[437,428,430,429],"class_list":{"0":"post-944","1":"product","2":"type-product","3":"status-publish","4":"has-post-thumbnail","6":"product_brand-redproteger","7":"product_cat-incendio","8":"product_cat-ofertas","9":"product_tag-agente-extintor","10":"product_tag-agua","11":"product_tag-co2","12":"product_tag-espuma","14":"first","15":"instock","16":"sale","17":"featured","18":"virtual","19":"sold-individually","20":"purchasable","21":"product-type-wooco"},"jetpack_publicize_connections":[],"jetpack_sharing_enabled":true,"jetpack_likes_enabled":true,"_links":{"self":[{"href":"https:\/\/www.salavirtual.com.ar\/plataformaz\/wp-json\/wp\/v2\/product\/944","targetHints":{"allow":["GET"]}}],"collection":[{"href":"https:\/\/www.salavirtual.com.ar\/plataformaz\/wp-json\/wp\/v2\/product"}],"about":[{"href":"https:\/\/www.salavirtual.com.ar\/plataformaz\/wp-json\/wp\/v2\/types\/product"}],"replies":[{"embeddable":true,"href":"https:\/\/www.salavirtual.com.ar\/plataformaz\/wp-json\/wp\/v2\/comments?post=944"}],"wp:featuredmedia":[{"embeddable":true,"href":"https:\/\/www.salavirtual.com.ar\/plataformaz\/wp-json\/wp\/v2\/media\/1113"}],"wp:attachment":[{"href":"https:\/\/www.salavirtual.com.ar\/plataformaz\/wp-json\/wp\/v2\/media?parent=944"}],"wp:term":[{"taxonomy":"product_brand","embeddable":true,"href":"https:\/\/www.salavirtual.com.ar\/plataformaz\/wp-json\/wp\/v2\/product_brand?post=944"},{"taxonomy":"product_cat","embeddable":true,"href":"https:\/\/www.salavirtual.com.ar\/plataformaz\/wp-json\/wp\/v2\/product_cat?post=944"},{"taxonomy":"product_tag","embeddable":true,"href":"https:\/\/www.salavirtual.com.ar\/plataformaz\/wp-json\/wp\/v2\/product_tag?post=944"}],"curies":[{"name":"wp","href":"https:\/\/api.w.org\/{rel}","templated":true}]}}