{"id":931,"date":"2025-10-16T09:37:29","date_gmt":"2025-10-16T12:37:29","guid":{"rendered":"https:\/\/www.salavirtual.com.ar\/plataformaz\/?post_type=product&#038;p=931"},"modified":"2026-02-12T13:30:12","modified_gmt":"2026-02-12T16:30:12","slug":"curso-19-el-agente-extintor-k","status":"publish","type":"product","link":"https:\/\/www.salavirtual.com.ar\/plataformaz\/producto\/curso-19-el-agente-extintor-k\/","title":{"rendered":"CURSO #19: El Agente Extintor K"},"content":{"rendered":"\r\n\r\n\r\n<p><span style=\"text-decoration: underline; color: #000000;\"><b id=\"yui_3_17_2_1_1760550068160_1494\">Objetivo<\/b><\/span><\/p>\r\n<p><span id=\"yui_3_17_2_1_1760618229185_1548\" style=\"color: #000000;\" data-key=\"104\"><span id=\"yui_3_17_2_1_1760618229185_1549\" data-offset-key=\"104:0\">Comprender todo lo relacionado al Agente Extintor K.<\/span><\/span><\/p>\r\n<p id=\"yui_3_17_2_1_1760618229185_1550\" data-key=\"105\"><span style=\"text-decoration: underline; color: #000000;\"><span id=\"yui_3_17_2_1_1760618229185_1551\" data-key=\"106\"><span id=\"yui_3_17_2_1_1760618229185_1552\" data-offset-key=\"106:0\"><strong id=\"yui_3_17_2_1_1760618229185_1553\" data-slate-leaf=\"true\">Dirigido<\/strong><\/span><\/span><\/span><\/p>\r\n<p><span id=\"yui_3_17_2_1_1760618229185_1556\" style=\"color: #000000;\" data-key=\"109\"><span id=\"yui_3_17_2_1_1760618229185_1557\" data-offset-key=\"109:0\">Ingenieros\/Licenciados\/T\u00e9cnicos en Higiene y Seguridad en el Trabajo. Personas relacionados e interesados en la tem\u00e1tica.<\/span><\/span><\/p>\r\n<p id=\"yui_3_17_2_1_1760618229185_1558\" data-key=\"110\"><span style=\"text-decoration: underline; color: #000000;\"><span id=\"yui_3_17_2_1_1760618229185_1559\" data-key=\"111\"><span id=\"yui_3_17_2_1_1760618229185_1560\" data-offset-key=\"111:0\"><strong id=\"yui_3_17_2_1_1760618229185_1561\" data-slate-leaf=\"true\">Requisitos<\/strong><\/span><\/span><\/span><\/p>\r\n<p><span id=\"yui_3_17_2_1_1760618229185_1564\" style=\"color: #000000;\" data-key=\"114\"><span id=\"yui_3_17_2_1_1760618229185_1565\" data-offset-key=\"114:0\"><span id=\"yui_3_17_2_1_1760552487225_1446\" data-key=\"114\"><span id=\"yui_3_17_2_1_1760552487225_1447\" data-offset-key=\"114:0\">Conocimientos b\u00e1sicos sobre din\u00e1mica de los incendios.<\/span><\/span><\/span><\/span><\/p>\r\n<p id=\"yui_3_17_2_1_1760618229185_1566\" data-key=\"115\"><span style=\"text-decoration: underline; color: #000000;\"><strong id=\"yui_3_17_2_1_1760618229185_1567\" data-slate-leaf=\"true\">Temario<\/strong><\/span><\/p>\r\n<ul id=\"yui_3_17_2_1_1760618229185_1569\" data-key=\"122\">\r\n<li id=\"yui_3_17_2_1_1760618229185_1570\" data-key=\"123\"><span id=\"yui_3_17_2_1_1760618229185_1571\" style=\"color: #000000;\">\u00bfQu\u00e9 es el Combustible Clase K?<\/span><\/li>\r\n<li id=\"yui_3_17_2_1_1760618229185_1573\" data-key=\"151\"><span id=\"yui_3_17_2_1_1760618229185_1574\" style=\"color: #000000;\" data-key=\"152\"><span id=\"yui_3_17_2_1_1760618229185_1575\" data-offset-key=\"152:0\">\u00bfQu\u00e9 es el Agente K?<\/span><\/span><\/li>\r\n<li id=\"yui_3_17_2_1_1760618229185_1576\" data-key=\"153\"><span id=\"yui_3_17_2_1_1760618229185_1577\" style=\"color: #000000;\" data-key=\"154\"><span id=\"yui_3_17_2_1_1760618229185_1578\" data-offset-key=\"154:0\">Caracter\u00edsticas<\/span><\/span><\/li>\r\n<li id=\"yui_3_17_2_1_1760618229185_1579\" data-key=\"155\"><span id=\"yui_3_17_2_1_1760618229185_1580\" style=\"color: #000000;\" data-key=\"156\"><span id=\"yui_3_17_2_1_1760618229185_1581\" data-offset-key=\"156:0\">Mecanismos de Extinci\u00f3n<\/span><\/span><\/li>\r\n<li id=\"yui_3_17_2_1_1760618229185_1582\" data-key=\"157\"><span id=\"yui_3_17_2_1_1760618229185_1583\" style=\"color: #000000;\" data-key=\"158\"><span id=\"yui_3_17_2_1_1760618229185_1584\" data-offset-key=\"158:0\">Ventajas y Limitaciones<\/span><\/span><\/li>\r\n<li id=\"yui_3_17_2_1_1760618229185_1585\" data-key=\"159\"><span id=\"yui_3_17_2_1_1760618229185_1586\" style=\"color: #000000;\" data-key=\"160\"><span id=\"yui_3_17_2_1_1760618229185_1587\" data-offset-key=\"160:0\">Extintores port\u00e1tiles K<\/span><\/span><\/li>\r\n<li id=\"yui_3_17_2_1_1760618229185_1588\" data-key=\"159\"><span id=\"yui_3_17_2_1_1760618229185_1589\" style=\"color: #000000;\" data-key=\"160\"><span id=\"yui_3_17_2_1_1760618229185_1590\" data-offset-key=\"160:0\">Usos<\/span><\/span><\/li>\r\n<\/ul>\r\n<p id=\"yui_3_17_2_1_1760618229185_1591\" data-key=\"161\"><span style=\"text-decoration: underline; color: #000000;\"><strong id=\"yui_3_17_2_1_1760618229185_1592\" data-slate-leaf=\"true\">Docente<\/strong><\/span><\/p>\r\n<p><span id=\"yui_3_17_2_1_1760618229185_1596\" style=\"color: #000000;\" data-key=\"170\"><span id=\"yui_3_17_2_1_1760618229185_1597\" data-offset-key=\"170:0\">Ing. N\u00e9stor Adolfo BOTTA<\/span><\/span><\/p>\r\n<p><span style=\"color: #000000;\"><span id=\"yui_3_17_2_1_1760618229185_1599\" data-key=\"172\"><span id=\"yui_3_17_2_1_1760618229185_1600\" data-offset-key=\"172:0\">Consultas a\u00a0<\/span><\/span><a id=\"yui_3_17_2_1_1760618229185_1601\" style=\"color: #000000;\" href=\"mailto:nestor.botta@redproteger.com.ar\" data-key=\"173\">nestor.botta@redproteger.com.ar<\/a><\/span><\/p>\r\n<p data-key=\"175\"><span style=\"text-decoration: underline; color: #000000;\"><strong data-slate-leaf=\"true\">Modalidad<\/strong><\/span><\/p>\r\n<p><span style=\"color: #000000;\">El curso es del tipo virtual a distancia asincr\u00f3nico. Se puede ingresar al sal\u00f3n virtual en el momento que el alumno disponga de tiempo. No hay limitaciones de tiempo dentro del plazo para la culminaci\u00f3n del curso.<\/span><\/p>\r\n<p><span style=\"color: #000000;\">\r\n\r\n<\/span><\/p>\r\n<p><span style=\"color: #000000;\">Se entrega material de lectura digital.<\/span><\/p>\r\n<p><span style=\"color: #000000;\">\r\n\r\n<\/span><\/p>\r\n<p><span style=\"color: #000000;\">Se emite certificado de aprobado digital cuando se cumplan todas las actividades con una nota mayor a 6\/10.<\/span><\/p>\r\n<p><span style=\"text-decoration: underline; color: #000000;\"><strong id=\"yui_3_17_2_1_1760535856882_1511\" data-slate-leaf=\"true\">Actividades<\/strong><\/span><\/p>\r\n<p><span id=\"yui_3_17_2_1_1760535856882_1516\" style=\"color: #000000;\" data-key=\"165\"><span id=\"yui_3_17_2_1_1760535856882_1517\" data-offset-key=\"165:0\">Se incluyen un (1) video explicativo y un (1) cuestionario evaluatorio.<\/span><\/span><\/p>\r\n<p><span style=\"text-decoration: underline; color: #000000;\"><strong>Duraci\u00f3n del Curso<\/strong><\/span><\/p>\r\n<p><span style=\"color: #000000;\">\r\n\r\n<\/span><\/p>\r\n<p><span style=\"color: #000000;\">Treinta (30) d\u00edas es el tiempo que permanece abierta el sal\u00f3n virtual.<\/span><\/p>\r\n<p><span style=\"color: #000000;\">\r\n\r\n\r\n\r\n\r\n\r\n\r\n\r\n<\/span><\/p>\r\n<p><span style=\"text-decoration: underline; color: #000000;\"><strong>Ingreso a la Sala Virtual<\/strong><\/span><\/p>\r\n<p><span style=\"color: #000000;\">\r\n\r\n<\/span><\/p>\r\n<p><span style=\"color: #000000;\">Una vez acreditado el pago, ser\u00e1 enviado en forma inmediata un email con las instrucciones y la clave de matriculaci\u00f3n para acceder a la Sala, para lo cual se deber\u00e1 realizar el registro en <a style=\"color: #000000;\" href=\"http:\/\/www.salavirtual.com.ar\">www.salavirtual.com.ar<\/a>.<\/span><\/p>\r\n<p><span style=\"color: #000000;\">\r\n\r\n<\/span><\/p>\r\n<p><span style=\"text-decoration: underline; color: #000000;\"><strong>Sobre la Facturaci\u00f3n<\/strong><\/span><\/p>\r\n<p><span style=\"color: #000000;\">\r\n\r\n<\/span><\/p>\r\n<p><span style=\"color: #000000;\">Se emite factura tipo \u00abC\u00bb.<\/span><\/p>\r\n<p><span style=\"color: #000000;\">\r\n\r\n\r\n\r\n\r\n\r\n<\/span><\/p>\r\n<p><span style=\"color: #000000;\">Opci\u00f3n de abonar en D\u00f3lares v\u00eda <strong><em>Paypal<\/em><\/strong> para los que no pueden abonar en pesos argentinos (solicitar link de pago a <a style=\"color: #000000;\" href=\"mailto:info@salavirtual.com.ar\">info@salavirtual.com.ar<\/a>).<\/span><\/p>\r\n","protected":false},"excerpt":{"rendered":"<p><span id=\"yui_3_17_2_1_1760618229185_1548\" style=\"color: #000000;\" data-key=\"104\"><span id=\"yui_3_17_2_1_1760618229185_1549\" data-offset-key=\"104:0\">Comprender todo lo relacionado al Agente Extintor K.<\/span><\/span><\/p>\n","protected":false},"featured_media":1145,"comment_status":"open","ping_status":"closed","template":"","meta":{"jetpack_publicize_message":"","jetpack_publicize_feature_enabled":true,"jetpack_social_post_already_shared":true,"jetpack_social_options":{"image_generator_settings":{"template":"highway","default_image_id":0,"font":"","enabled":false},"version":2}},"product_brand":[414],"product_cat":[383,403],"product_tag":[381,400,376,435],"class_list":{"0":"post-931","1":"product","2":"type-product","3":"status-publish","4":"has-post-thumbnail","6":"product_brand-redproteger","7":"product_cat-incendio","8":"product_cat-ofertas","9":"product_tag-agente-k","10":"product_tag-extincion","11":"product_tag-incendio","12":"product_tag-k","14":"first","15":"instock","16":"virtual","17":"sold-individually","18":"purchasable","19":"product-type-simple"},"jetpack_publicize_connections":[],"jetpack_sharing_enabled":true,"jetpack_likes_enabled":true,"_links":{"self":[{"href":"https:\/\/www.salavirtual.com.ar\/plataformaz\/wp-json\/wp\/v2\/product\/931","targetHints":{"allow":["GET"]}}],"collection":[{"href":"https:\/\/www.salavirtual.com.ar\/plataformaz\/wp-json\/wp\/v2\/product"}],"about":[{"href":"https:\/\/www.salavirtual.com.ar\/plataformaz\/wp-json\/wp\/v2\/types\/product"}],"replies":[{"embeddable":true,"href":"https:\/\/www.salavirtual.com.ar\/plataformaz\/wp-json\/wp\/v2\/comments?post=931"}],"wp:featuredmedia":[{"embeddable":true,"href":"https:\/\/www.salavirtual.com.ar\/plataformaz\/wp-json\/wp\/v2\/media\/1145"}],"wp:attachment":[{"href":"https:\/\/www.salavirtual.com.ar\/plataformaz\/wp-json\/wp\/v2\/media?parent=931"}],"wp:term":[{"taxonomy":"product_brand","embeddable":true,"href":"https:\/\/www.salavirtual.com.ar\/plataformaz\/wp-json\/wp\/v2\/product_brand?post=931"},{"taxonomy":"product_cat","embeddable":true,"href":"https:\/\/www.salavirtual.com.ar\/plataformaz\/wp-json\/wp\/v2\/product_cat?post=931"},{"taxonomy":"product_tag","embeddable":true,"href":"https:\/\/www.salavirtual.com.ar\/plataformaz\/wp-json\/wp\/v2\/product_tag?post=931"}],"curies":[{"name":"wp","href":"https:\/\/api.w.org\/{rel}","templated":true}]}}