{"id":928,"date":"2025-10-16T09:25:28","date_gmt":"2025-10-16T12:25:28","guid":{"rendered":"https:\/\/www.salavirtual.com.ar\/plataformaz\/?post_type=product&#038;p=928"},"modified":"2026-02-12T12:56:05","modified_gmt":"2026-02-12T15:56:05","slug":"curso-18-los-polvos-quimicos-secos","status":"publish","type":"product","link":"https:\/\/www.salavirtual.com.ar\/plataformaz\/producto\/curso-18-los-polvos-quimicos-secos\/","title":{"rendered":"CURSO #18: Los Polvos Qu\u00edmicos Secos"},"content":{"rendered":"\r\n\r\n\r\n<p><span style=\"text-decoration: underline; color: #000000;\"><b id=\"yui_3_17_2_1_1760550068160_1494\">Objetivo<\/b><\/span><\/p>\r\n<p><span id=\"yui_3_17_2_1_1760617520173_1395\" style=\"color: #000000;\" data-key=\"104\"><span id=\"yui_3_17_2_1_1760617520173_1396\" data-offset-key=\"104:0\">Comprender todo lo relacionado a los polvos qu\u00edmicos secos (PQS)\u00a0como agente extintor de incendios.<\/span><\/span><\/p>\r\n<p id=\"yui_3_17_2_1_1760617520173_1397\" data-key=\"105\"><span style=\"text-decoration: underline; color: #000000;\"><span id=\"yui_3_17_2_1_1760617520173_1398\" data-key=\"106\"><span id=\"yui_3_17_2_1_1760617520173_1399\" data-offset-key=\"106:0\"><strong id=\"yui_3_17_2_1_1760617520173_1400\" data-slate-leaf=\"true\">Dirigido<\/strong><\/span><\/span><\/span><\/p>\r\n<p><span id=\"yui_3_17_2_1_1760617520173_1403\" style=\"color: #000000;\" data-key=\"109\"><span id=\"yui_3_17_2_1_1760617520173_1404\" data-offset-key=\"109:0\">Ingenieros\/Licenciados\/T\u00e9cnicos en Higiene y Seguridad en el Trabajo. Bomberos y personas relacionados e interesados en la tem\u00e1tica.<\/span><\/span><\/p>\r\n<p id=\"yui_3_17_2_1_1760617520173_1405\" data-key=\"110\"><span style=\"text-decoration: underline; color: #000000;\"><span id=\"yui_3_17_2_1_1760617520173_1406\" data-key=\"111\"><span id=\"yui_3_17_2_1_1760617520173_1407\" data-offset-key=\"111:0\"><strong id=\"yui_3_17_2_1_1760617520173_1408\" data-slate-leaf=\"true\">Requisitos<\/strong><\/span><\/span><\/span><\/p>\r\n<p><span id=\"yui_3_17_2_1_1760552487225_1446\" style=\"color: #000000;\" data-key=\"114\"><span id=\"yui_3_17_2_1_1760552487225_1447\" data-offset-key=\"114:0\">Conocimientos b\u00e1sicos sobre din\u00e1mica de los incendios.<\/span><\/span><\/p>\r\n<p id=\"yui_3_17_2_1_1760617520173_1414\" data-key=\"120\"><span style=\"text-decoration: underline; color: #000000;\"><span id=\"yui_3_17_2_1_1760617520173_1415\" data-key=\"121\"><span id=\"yui_3_17_2_1_1760617520173_1416\" data-offset-key=\"121:0\"><strong id=\"yui_3_17_2_1_1760617520173_1417\" data-slate-leaf=\"true\">Temario<\/strong><\/span><\/span><\/span><\/p>\r\n<ul id=\"yui_3_17_2_1_1760617520173_1418\">\r\n<li id=\"yui_3_17_2_1_1760617520173_1419\"><span id=\"yui_3_17_2_1_1760617520173_1420\" style=\"color: #000000;\">Un Poco de Historia<\/span><\/li>\r\n<li id=\"yui_3_17_2_1_1760617520173_1421\"><span id=\"yui_3_17_2_1_1760617520173_1422\" style=\"color: #000000;\">\u00bfQu\u00e9 Son los Polvos Qu\u00edmicos Secos?<br id=\"yui_3_17_2_1_1760617520173_1423\" \/><\/span><\/li>\r\n<li id=\"yui_3_17_2_1_1760617520173_1424\"><span id=\"yui_3_17_2_1_1760617520173_1425\" style=\"color: #000000;\">Tipos de Polvos Qu\u00edmicos Secos<\/span><\/li>\r\n<li id=\"yui_3_17_2_1_1760617520173_1426\"><span id=\"yui_3_17_2_1_1760617520173_1427\" style=\"color: #000000;\">Efectividad de los Polvos Qu\u00edmicos Secos<\/span><\/li>\r\n<li id=\"yui_3_17_2_1_1760617520173_1428\"><span id=\"yui_3_17_2_1_1760617520173_1429\" style=\"color: #000000;\">Propiedades F\u00edsicas<\/span><\/li>\r\n<li id=\"yui_3_17_2_1_1760617520173_1430\"><span id=\"yui_3_17_2_1_1760617520173_1431\" style=\"color: #000000;\">Mecanismos de Extinci\u00f3n<\/span><\/li>\r\n<li id=\"yui_3_17_2_1_1760617520173_1432\"><span style=\"color: #000000;\">Usos de los Polvos Qu\u00edmicos Secos<\/span><\/li>\r\n<li id=\"yui_3_17_2_1_1760617520173_1433\"><span style=\"color: #000000;\">Limitaciones y Desventajas<\/span><\/li>\r\n<li id=\"yui_3_17_2_1_1760617520173_1434\"><span id=\"yui_3_17_2_1_1760617520173_1435\" style=\"color: #000000;\">Ventajas<\/span><\/li>\r\n<\/ul>\r\n<p id=\"yui_3_17_2_1_1760617520173_1436\" data-key=\"161\"><span style=\"text-decoration: underline; color: #000000;\"><strong id=\"yui_3_17_2_1_1760617520173_1437\" data-slate-leaf=\"true\">Docente<\/strong><\/span><\/p>\r\n<p><span id=\"yui_3_17_2_1_1760617520173_1441\" style=\"color: #000000;\" data-key=\"170\"><span id=\"yui_3_17_2_1_1760617520173_1442\" data-offset-key=\"170:0\">Ing. N\u00e9stor Adolfo BOTTA<\/span><\/span><\/p>\r\n<p><span style=\"color: #000000;\"><span id=\"yui_3_17_2_1_1760617520173_1444\" data-key=\"172\"><span id=\"yui_3_17_2_1_1760617520173_1445\" data-offset-key=\"172:0\">Consultas a\u00a0<\/span><\/span><a id=\"yui_3_17_2_1_1760617520173_1446\" style=\"color: #000000;\" href=\"mailto:nestor.botta@redproteger.com.ar\" data-key=\"173\">nestor.botta@redproteger.com.ar<\/a><\/span><\/p>\r\n<p data-key=\"175\"><span style=\"text-decoration: underline; color: #000000;\"><strong data-slate-leaf=\"true\">Modalidad<\/strong><\/span><\/p>\r\n<p><span style=\"color: #000000;\">El curso es del tipo virtual a distancia asincr\u00f3nico. Se puede ingresar al sal\u00f3n virtual en el momento que el alumno disponga de tiempo. No hay limitaciones de tiempo dentro del plazo para la culminaci\u00f3n del curso.<\/span><\/p>\r\n<p><span style=\"color: #000000;\">\r\n\r\n<\/span><\/p>\r\n<p><span style=\"color: #000000;\">Se entrega material de lectura digital.<\/span><\/p>\r\n<p><span style=\"color: #000000;\">\r\n\r\n<\/span><\/p>\r\n<p><span style=\"color: #000000;\">Se emite certificado de aprobado digital cuando se cumplan todas las actividades con una nota mayor a 6\/10.<\/span><\/p>\r\n<p><span style=\"text-decoration: underline; color: #000000;\"><strong id=\"yui_3_17_2_1_1760535856882_1511\" data-slate-leaf=\"true\">Actividades<\/strong><\/span><\/p>\r\n<p><span id=\"yui_3_17_2_1_1760535856882_1516\" style=\"color: #000000;\" data-key=\"165\"><span id=\"yui_3_17_2_1_1760535856882_1517\" data-offset-key=\"165:0\">Se incluyen un (1) video explicativo y tres (3) cuestionarios evaluatorios.<\/span><\/span><\/p>\r\n<p><span style=\"text-decoration: underline; color: #000000;\"><strong>Duraci\u00f3n del Curso<\/strong><\/span><\/p>\r\n<p><span style=\"color: #000000;\">\r\n\r\n<\/span><\/p>\r\n<p><span style=\"color: #000000;\">Treinta (30) d\u00edas es el tiempo que permanece abierta el sal\u00f3n virtual.<\/span><\/p>\r\n<p><span style=\"color: #000000;\">\r\n\r\n\r\n\r\n\r\n\r\n\r\n\r\n<\/span><\/p>\r\n<p><span style=\"text-decoration: underline; color: #000000;\"><strong>Ingreso a la Sala Virtual<\/strong><\/span><\/p>\r\n<p><span style=\"color: #000000;\">\r\n\r\n<\/span><\/p>\r\n<p><span style=\"color: #000000;\">Una vez acreditado el pago, ser\u00e1 enviado en forma inmediata un email con las instrucciones y la clave de matriculaci\u00f3n para acceder a la Sala, para lo cual se deber\u00e1 realizar el registro en <a style=\"color: #000000;\" href=\"http:\/\/www.salavirtual.com.ar\">www.salavirtual.com.ar<\/a>.<\/span><\/p>\r\n<p><span style=\"color: #000000;\">\r\n\r\n<\/span><\/p>\r\n<p><span style=\"text-decoration: underline; color: #000000;\"><strong>Sobre la Facturaci\u00f3n<\/strong><\/span><\/p>\r\n<p><span style=\"color: #000000;\">\r\n\r\n<\/span><\/p>\r\n<p><span style=\"color: #000000;\">Se emite factura tipo \u00abC\u00bb.<\/span><\/p>\r\n\r\n\r\n\r\n\r\n\r\n\r\n","protected":false},"excerpt":{"rendered":"<p><span id=\"yui_3_17_2_1_1760617520173_1395\" style=\"color: #000000;\" data-key=\"104\"><span id=\"yui_3_17_2_1_1760617520173_1396\" data-offset-key=\"104:0\">Comprender todo lo relacionado a los polvos qu\u00edmicos secos (PQS)\u00a0como agente extintor de incendios.<\/span><\/span><\/p>\n","protected":false},"featured_media":1116,"comment_status":"open","ping_status":"closed","template":"","meta":{"jetpack_publicize_message":"","jetpack_publicize_feature_enabled":true,"jetpack_social_post_already_shared":true,"jetpack_social_options":{"image_generator_settings":{"template":"highway","default_image_id":0,"font":"","enabled":false},"version":2}},"product_brand":[414],"product_cat":[383,403],"product_tag":[400,376,434,433],"class_list":{"0":"post-928","1":"product","2":"type-product","3":"status-publish","4":"has-post-thumbnail","6":"product_brand-redproteger","7":"product_cat-incendio","8":"product_cat-ofertas","9":"product_tag-extincion","10":"product_tag-incendio","11":"product_tag-polvo-quimico-seco","12":"product_tag-pqs","14":"first","15":"instock","16":"virtual","17":"sold-individually","18":"purchasable","19":"product-type-simple"},"jetpack_publicize_connections":[],"jetpack_sharing_enabled":true,"jetpack_likes_enabled":true,"_links":{"self":[{"href":"https:\/\/www.salavirtual.com.ar\/plataformaz\/wp-json\/wp\/v2\/product\/928","targetHints":{"allow":["GET"]}}],"collection":[{"href":"https:\/\/www.salavirtual.com.ar\/plataformaz\/wp-json\/wp\/v2\/product"}],"about":[{"href":"https:\/\/www.salavirtual.com.ar\/plataformaz\/wp-json\/wp\/v2\/types\/product"}],"replies":[{"embeddable":true,"href":"https:\/\/www.salavirtual.com.ar\/plataformaz\/wp-json\/wp\/v2\/comments?post=928"}],"wp:featuredmedia":[{"embeddable":true,"href":"https:\/\/www.salavirtual.com.ar\/plataformaz\/wp-json\/wp\/v2\/media\/1116"}],"wp:attachment":[{"href":"https:\/\/www.salavirtual.com.ar\/plataformaz\/wp-json\/wp\/v2\/media?parent=928"}],"wp:term":[{"taxonomy":"product_brand","embeddable":true,"href":"https:\/\/www.salavirtual.com.ar\/plataformaz\/wp-json\/wp\/v2\/product_brand?post=928"},{"taxonomy":"product_cat","embeddable":true,"href":"https:\/\/www.salavirtual.com.ar\/plataformaz\/wp-json\/wp\/v2\/product_cat?post=928"},{"taxonomy":"product_tag","embeddable":true,"href":"https:\/\/www.salavirtual.com.ar\/plataformaz\/wp-json\/wp\/v2\/product_tag?post=928"}],"curies":[{"name":"wp","href":"https:\/\/api.w.org\/{rel}","templated":true}]}}