{"id":909,"date":"2025-10-15T12:20:29","date_gmt":"2025-10-15T15:20:29","guid":{"rendered":"https:\/\/www.salavirtual.com.ar\/plataformaz\/?post_type=product&#038;p=909"},"modified":"2026-02-12T13:40:44","modified_gmt":"2026-02-12T16:40:44","slug":"curso-14-el-agua-como-agente-extintor","status":"publish","type":"product","link":"https:\/\/www.salavirtual.com.ar\/plataformaz\/producto\/curso-14-el-agua-como-agente-extintor\/","title":{"rendered":"CURSO #14: El Agua como Agente Extintor"},"content":{"rendered":"\r\n\r\n\r\n<p id=\"yui_3_17_2_1_1760541615758_1396\"><span style=\"text-decoration: underline; color: #000000;\"><b id=\"yui_3_17_2_1_1760541615758_1397\">Objetivo<\/b><\/span><\/p>\r\n<p><span id=\"yui_3_17_2_1_1760541615758_1400\" style=\"color: #000000;\" data-key=\"104\"><span id=\"yui_3_17_2_1_1760541615758_1401\" data-offset-key=\"104:0\">Comprender todo lo relacionado al agua como agente extintor de incendios.<\/span><\/span><\/p>\r\n<p id=\"yui_3_17_2_1_1760541615758_1402\" data-key=\"105\"><span style=\"text-decoration: underline; color: #000000;\"><span id=\"yui_3_17_2_1_1760541615758_1403\" data-key=\"106\"><span id=\"yui_3_17_2_1_1760541615758_1404\" data-offset-key=\"106:0\"><strong id=\"yui_3_17_2_1_1760541615758_1405\" data-slate-leaf=\"true\">Dirigido<\/strong><\/span><\/span><\/span><\/p>\r\n<p><span id=\"yui_3_17_2_1_1760541615758_1408\" style=\"color: #000000;\" data-key=\"109\"><span id=\"yui_3_17_2_1_1760541615758_1409\" data-offset-key=\"109:0\">Ingenieros\/Licenciados\/T\u00e9cnicos en Higiene y Seguridad en el Trabajo. Bomberos y personas relacionados e interesados en la tem\u00e1tica.<\/span><\/span><\/p>\r\n<p id=\"yui_3_17_2_1_1760541615758_1410\" data-key=\"110\"><span style=\"text-decoration: underline; color: #000000;\"><span id=\"yui_3_17_2_1_1760541615758_1411\" data-key=\"111\"><span id=\"yui_3_17_2_1_1760541615758_1412\" data-offset-key=\"111:0\"><strong id=\"yui_3_17_2_1_1760541615758_1413\" data-slate-leaf=\"true\">Requisitos<\/strong><\/span><\/span><\/span><\/p>\r\n<p><span id=\"yui_3_17_2_1_1760541615758_1416\" style=\"color: #000000;\" data-key=\"114\"><span id=\"yui_3_17_2_1_1760541615758_1417\" data-offset-key=\"114:0\">Se recomienda tener conocimientos sobre din\u00e1mica de los incendios.<\/span><\/span><\/p>\r\n<p id=\"yui_3_17_2_1_1760541615758_1418\" data-key=\"115\"><span style=\"text-decoration: underline; color: #000000;\"><strong id=\"yui_3_17_2_1_1760541615758_1419\" data-slate-leaf=\"true\">Temario<\/strong><\/span><\/p>\r\n<ul id=\"yui_3_17_2_1_1760541615758_1421\" data-key=\"122\">\r\n<li id=\"yui_3_17_2_1_1760541615758_1422\" data-key=\"123\"><span id=\"yui_3_17_2_1_1760541615758_1423\" style=\"color: #000000;\">Principios de extinci\u00f3n<\/span><\/li>\r\n<li id=\"yui_3_17_2_1_1760541615758_1425\" data-key=\"151\"><span id=\"yui_3_17_2_1_1760541615758_1426\" style=\"color: #000000;\" data-key=\"152\"><span id=\"yui_3_17_2_1_1760541615758_1427\" data-offset-key=\"152:0\">\u00bfQu\u00e9 es el Agua?<\/span><\/span><\/li>\r\n<li id=\"yui_3_17_2_1_1760541615758_1428\" data-key=\"153\"><span id=\"yui_3_17_2_1_1760541615758_1429\" style=\"color: #000000;\" data-key=\"154\"><span id=\"yui_3_17_2_1_1760541615758_1430\" data-offset-key=\"154:0\">Ventajas<\/span><\/span><\/li>\r\n<li id=\"yui_3_17_2_1_1760541615758_1431\" data-key=\"155\"><span id=\"yui_3_17_2_1_1760541615758_1432\" style=\"color: #000000;\" data-key=\"156\"><span id=\"yui_3_17_2_1_1760541615758_1433\" data-offset-key=\"156:0\">Mecanismos de Extinci\u00f3n<\/span><\/span><\/li>\r\n<li id=\"yui_3_17_2_1_1760541615758_1434\" data-key=\"157\"><span id=\"yui_3_17_2_1_1760541615758_1435\" style=\"color: #000000;\" data-key=\"158\"><span id=\"yui_3_17_2_1_1760541615758_1436\" data-offset-key=\"158:0\">El Agua Contra lo L\u00edquidos Inflamables Livianos<\/span><\/span><\/li>\r\n<li id=\"yui_3_17_2_1_1760541615758_1437\" data-key=\"157\"><span id=\"yui_3_17_2_1_1760541615758_1438\" style=\"color: #000000;\" data-key=\"158\"><span id=\"yui_3_17_2_1_1760541615758_1439\" data-offset-key=\"158:0\">El Agua Contra los Combustibles L\u00edquidos multicorte<\/span><\/span><\/li>\r\n<li id=\"yui_3_17_2_1_1760541615758_1440\" data-key=\"157\"><span id=\"yui_3_17_2_1_1760541615758_1441\" style=\"color: #000000;\" data-key=\"158\"><span id=\"yui_3_17_2_1_1760541615758_1442\" data-offset-key=\"158:0\">Limitaciones<\/span><\/span><\/li>\r\n<li id=\"yui_3_17_2_1_1760541615758_1443\" data-key=\"159\"><span id=\"yui_3_17_2_1_1760541615758_1444\" style=\"color: #000000;\">Usos<\/span><\/li>\r\n<\/ul>\r\n<p id=\"yui_3_17_2_1_1760541615758_1446\" data-key=\"161\"><span style=\"text-decoration: underline; color: #000000;\"><strong id=\"yui_3_17_2_1_1760541615758_1447\" data-slate-leaf=\"true\">Docente<\/strong><\/span><\/p>\r\n<p><span id=\"yui_3_17_2_1_1760541615758_1451\" style=\"color: #000000;\" data-key=\"170\"><span id=\"yui_3_17_2_1_1760541615758_1452\" data-offset-key=\"170:0\">Ing. N\u00e9stor Adolfo BOTTA<\/span><\/span><\/p>\r\n<p><span style=\"color: #000000;\"><span id=\"yui_3_17_2_1_1760541615758_1454\" data-key=\"172\"><span id=\"yui_3_17_2_1_1760541615758_1455\" data-offset-key=\"172:0\">Consultas a\u00a0<\/span><\/span><a id=\"yui_3_17_2_1_1760541615758_1456\" style=\"color: #000000;\" href=\"mailto:nestor.botta@redproteger.com.ar\" data-key=\"173\">nestor.botta@redproteger.com.ar<\/a><\/span><\/p>\r\n<p><span style=\"text-decoration: underline; color: #000000;\"><strong>Modalidad<\/strong><\/span><\/p>\r\n<p><span style=\"color: #000000;\">\r\n\r\n<\/span><\/p>\r\n<p><span style=\"color: #000000;\">El curso es del tipo virtual a distancia asincr\u00f3nico. Se puede ingresar al sal\u00f3n virtual en el momento que el alumno disponga de tiempo. No hay limitaciones de tiempo dentro del plazo para la culminaci\u00f3n del curso.<\/span><\/p>\r\n<p><span style=\"color: #000000;\">\r\n\r\n<\/span><\/p>\r\n<p><span style=\"color: #000000;\">Se entrega material de lectura digital.<\/span><\/p>\r\n<p><span style=\"color: #000000;\">\r\n\r\n<\/span><\/p>\r\n<p><span style=\"color: #000000;\">Se emite certificado de aprobado digital cuando se cumplan todas las actividades con una nota mayor a 6\/10.<\/span><\/p>\r\n<p><span style=\"text-decoration: underline; color: #000000;\"><strong id=\"yui_3_17_2_1_1760535856882_1511\" data-slate-leaf=\"true\">Actividades<\/strong><\/span><\/p>\r\n<p><span id=\"yui_3_17_2_1_1760535856882_1516\" style=\"color: #000000;\" data-key=\"165\"><span id=\"yui_3_17_2_1_1760535856882_1517\" data-offset-key=\"165:0\">Se incluyen dos (2) videos explicativos y tres (3) cuestionarios evaluatorios.<\/span><\/span><\/p>\r\n<p><span style=\"text-decoration: underline; color: #000000;\"><strong>Duraci\u00f3n del Curso<\/strong><\/span><\/p>\r\n<p><span style=\"color: #000000;\">\r\n\r\n<\/span><\/p>\r\n<p><span style=\"color: #000000;\">Treinta (30) d\u00edas es el tiempo que permanece abierta el sal\u00f3n virtual.<\/span><\/p>\r\n<p><span style=\"color: #000000;\">\r\n\r\n\r\n\r\n\r\n\r\n\r\n\r\n<\/span><\/p>\r\n<p><span style=\"text-decoration: underline; color: #000000;\"><strong>Ingreso a la Sala Virtual<\/strong><\/span><\/p>\r\n<p><span style=\"color: #000000;\">\r\n\r\n<\/span><\/p>\r\n<p><span style=\"color: #000000;\">Una vez acreditado el pago, ser\u00e1 enviado en forma inmediata un email con las instrucciones y la clave de matriculaci\u00f3n para acceder a la Sala, para lo cual se deber\u00e1 realizar el registro en <a style=\"color: #000000;\" href=\"http:\/\/www.salavirtual.com.ar\">www.salavirtual.com.ar<\/a>.<\/span><\/p>\r\n<p><span style=\"color: #000000;\">\r\n\r\n<\/span><\/p>\r\n<p><span style=\"text-decoration: underline; color: #000000;\"><strong>Sobre la Facturaci\u00f3n<\/strong><\/span><\/p>\r\n<p><span style=\"color: #000000;\">\r\n\r\n<\/span><\/p>\r\n<p><span style=\"color: #000000;\">Se emite factura tipo \u00abC\u00bb.<\/span><\/p>\r\n<p><span style=\"color: #000000;\">\r\n\r\n\r\n\r\n\r\n\r\n<\/span><\/p>\r\n<p><span style=\"color: #000000;\">Opci\u00f3n de abonar en D\u00f3lares v\u00eda <strong><em>Paypal<\/em><\/strong> para los que no pueden abonar en pesos argentinos (solicitar link de pago a <a style=\"color: #000000;\" href=\"mailto:info@salavirtual.com.ar\">info@salavirtual.com.ar<\/a>).<\/span><\/p>\r\n","protected":false},"excerpt":{"rendered":"<p><span id=\"yui_3_17_2_1_1760541615758_1400\" data-key=\"104\"><span id=\"yui_3_17_2_1_1760541615758_1401\" data-offset-key=\"104:0\">Comprender todo lo relacionado al agua como agente extintor de incendios.<\/span><\/span><\/p>\n","protected":false},"featured_media":1154,"comment_status":"open","ping_status":"closed","template":"","meta":{"jetpack_publicize_message":"","jetpack_publicize_feature_enabled":true,"jetpack_social_post_already_shared":true,"jetpack_social_options":{"image_generator_settings":{"template":"highway","default_image_id":0,"font":"","enabled":false},"version":2}},"product_brand":[414],"product_cat":[383,403],"product_tag":[428,400,376],"class_list":{"0":"post-909","1":"product","2":"type-product","3":"status-publish","4":"has-post-thumbnail","6":"product_brand-redproteger","7":"product_cat-incendio","8":"product_cat-ofertas","9":"product_tag-agua","10":"product_tag-extincion","11":"product_tag-incendio","13":"first","14":"instock","15":"virtual","16":"sold-individually","17":"purchasable","18":"product-type-simple"},"jetpack_publicize_connections":[],"jetpack_sharing_enabled":true,"jetpack_likes_enabled":true,"_links":{"self":[{"href":"https:\/\/www.salavirtual.com.ar\/plataformaz\/wp-json\/wp\/v2\/product\/909","targetHints":{"allow":["GET"]}}],"collection":[{"href":"https:\/\/www.salavirtual.com.ar\/plataformaz\/wp-json\/wp\/v2\/product"}],"about":[{"href":"https:\/\/www.salavirtual.com.ar\/plataformaz\/wp-json\/wp\/v2\/types\/product"}],"replies":[{"embeddable":true,"href":"https:\/\/www.salavirtual.com.ar\/plataformaz\/wp-json\/wp\/v2\/comments?post=909"}],"wp:featuredmedia":[{"embeddable":true,"href":"https:\/\/www.salavirtual.com.ar\/plataformaz\/wp-json\/wp\/v2\/media\/1154"}],"wp:attachment":[{"href":"https:\/\/www.salavirtual.com.ar\/plataformaz\/wp-json\/wp\/v2\/media?parent=909"}],"wp:term":[{"taxonomy":"product_brand","embeddable":true,"href":"https:\/\/www.salavirtual.com.ar\/plataformaz\/wp-json\/wp\/v2\/product_brand?post=909"},{"taxonomy":"product_cat","embeddable":true,"href":"https:\/\/www.salavirtual.com.ar\/plataformaz\/wp-json\/wp\/v2\/product_cat?post=909"},{"taxonomy":"product_tag","embeddable":true,"href":"https:\/\/www.salavirtual.com.ar\/plataformaz\/wp-json\/wp\/v2\/product_tag?post=909"}],"curies":[{"name":"wp","href":"https:\/\/api.w.org\/{rel}","templated":true}]}}