{"id":907,"date":"2025-10-15T10:43:32","date_gmt":"2025-10-15T13:43:32","guid":{"rendered":"https:\/\/www.salavirtual.com.ar\/plataformaz\/?post_type=product&#038;p=907"},"modified":"2026-02-12T13:32:49","modified_gmt":"2026-02-12T16:32:49","slug":"curso-13-el-fuego-dinamica-de-los-incendios","status":"publish","type":"product","link":"https:\/\/www.salavirtual.com.ar\/plataformaz\/producto\/curso-13-el-fuego-dinamica-de-los-incendios\/","title":{"rendered":"CURSO #13: El Fuego. Din\u00e1mica de los Incendios"},"content":{"rendered":"\r\n\r\n\r\n<p id=\"yui_3_17_2_1_1760535856882_1445\"><span style=\"text-decoration: underline; color: #000000;\"><b id=\"yui_3_17_2_1_1760535856882_1446\">Objetivo<\/b><\/span><\/p>\r\n<p><span id=\"yui_3_17_2_1_1760535856882_1449\" style=\"color: #000000;\" data-key=\"104\"><span id=\"yui_3_17_2_1_1760535856882_1450\" data-offset-key=\"104:0\">Comprender el proceso de la combusti\u00f3n y de los par\u00e1metros que lo regulan.<\/span><\/span><\/p>\r\n<p id=\"yui_3_17_2_1_1760535856882_1451\" data-key=\"105\"><span style=\"text-decoration: underline; color: #000000;\"><span id=\"yui_3_17_2_1_1760535856882_1452\" data-key=\"106\"><span id=\"yui_3_17_2_1_1760535856882_1453\" data-offset-key=\"106:0\"><strong id=\"yui_3_17_2_1_1760535856882_1454\" data-slate-leaf=\"true\">Dirigido<\/strong><\/span><\/span><\/span><\/p>\r\n<p><span id=\"yui_3_17_2_1_1760535856882_1457\" style=\"color: #000000;\" data-key=\"109\"><span id=\"yui_3_17_2_1_1760535856882_1458\" data-offset-key=\"109:0\">Ingenieros\/Licenciados\/T\u00e9cnicos en Higiene y Seguridad en el Trabajo. Bomberos y personas relacionados e interesados en la tem\u00e1tica.<\/span><\/span><\/p>\r\n<p id=\"yui_3_17_2_1_1760535856882_1459\" data-key=\"110\"><span style=\"text-decoration: underline; color: #000000;\"><span id=\"yui_3_17_2_1_1760535856882_1460\" data-key=\"111\"><span id=\"yui_3_17_2_1_1760535856882_1461\" data-offset-key=\"111:0\"><strong id=\"yui_3_17_2_1_1760535856882_1462\" data-slate-leaf=\"true\">Requisitos<\/strong><\/span><\/span><\/span><\/p>\r\n<p><span style=\"color: #000000;\">Ninguno.<\/span><\/p>\r\n<p id=\"yui_3_17_2_1_1760535856882_1468\" data-key=\"120\"><span style=\"text-decoration: underline; color: #000000;\"><span id=\"yui_3_17_2_1_1760535856882_1469\" data-key=\"121\"><span id=\"yui_3_17_2_1_1760535856882_1470\" data-offset-key=\"121:0\"><strong id=\"yui_3_17_2_1_1760535856882_1471\" data-slate-leaf=\"true\">Temario<\/strong><\/span><\/span><\/span><\/p>\r\n<ul id=\"yui_3_17_2_1_1760535856882_1473\">\r\n<li id=\"yui_3_17_2_1_1760535856882_1474\"><span id=\"yui_3_17_2_1_1760535856882_1475\" style=\"color: #000000;\">El Proceso de la Combusti\u00f3n<\/span><\/li>\r\n<li id=\"yui_3_17_2_1_1760535856882_1477\"><span id=\"yui_3_17_2_1_1760535856882_1478\" style=\"color: #000000;\">\u00bfQu\u00e9 es la Combusti\u00f3n?<\/span><\/li>\r\n<li id=\"yui_3_17_2_1_1760535856882_1479\"><span id=\"yui_3_17_2_1_1760535856882_1480\" style=\"color: #000000;\">Temperaturas del Proceso de la Combusti\u00f3n<\/span><\/li>\r\n<li id=\"yui_3_17_2_1_1760535856882_1481\"><span id=\"yui_3_17_2_1_1760535856882_1482\" style=\"color: #000000;\">L\u00edmites de Inflamabilidad<\/span><\/li>\r\n<li id=\"yui_3_17_2_1_1760535856882_1483\"><span id=\"yui_3_17_2_1_1760535856882_1484\" style=\"color: #000000;\">Condiciones y Elementos para que se Inicie la Combusti\u00f3n<\/span><\/li>\r\n<li id=\"yui_3_17_2_1_1760535856882_1485\"><span id=\"yui_3_17_2_1_1760535856882_1486\" style=\"color: #000000;\">La Naturaleza del Fuego<\/span><\/li>\r\n<li id=\"yui_3_17_2_1_1760535856882_1487\"><span id=\"yui_3_17_2_1_1760535856882_1488\" style=\"color: #000000;\">El Tri\u00e1ngulo del Fuego<\/span><\/li>\r\n<li id=\"yui_3_17_2_1_1760535856882_1489\"><span id=\"yui_3_17_2_1_1760535856882_1490\" style=\"color: #000000;\">El Tetraedro o Cuadrado de Fuego<\/span><\/li>\r\n<li id=\"yui_3_17_2_1_1760535856882_1491\"><span id=\"yui_3_17_2_1_1760535856882_1492\" style=\"color: #000000;\">Combustible o Agente Reductor<\/span><\/li>\r\n<li id=\"yui_3_17_2_1_1760535856882_1493\"><span id=\"yui_3_17_2_1_1760535856882_1494\" style=\"color: #000000;\">Comburente o Agente Oxidante<\/span><\/li>\r\n<li id=\"yui_3_17_2_1_1760535856882_1495\"><span id=\"yui_3_17_2_1_1760535856882_1496\" style=\"color: #000000;\">Fuente de Calor y Fuente de Ignici\u00f3n<\/span><\/li>\r\n<li id=\"yui_3_17_2_1_1760535856882_1497\"><span style=\"color: #000000;\">La Reacci\u00f3n en Cadena<\/span><\/li>\r\n<li id=\"yui_3_17_2_1_1760535856882_1498\"><span id=\"yui_3_17_2_1_1760535856882_1499\" style=\"color: #000000;\">Tipos de Fuego<\/span><\/li>\r\n<li id=\"yui_3_17_2_1_1760535856882_1500\"><span id=\"yui_3_17_2_1_1760535856882_1501\" style=\"color: #000000;\">Productos de la Combusti\u00f3n<\/span><\/li>\r\n<li id=\"yui_3_17_2_1_1760535856882_1502\"><span id=\"yui_3_17_2_1_1760535856882_1503\" style=\"color: #000000;\">Tipos de Combusti\u00f3n<\/span><\/li>\r\n<li id=\"yui_3_17_2_1_1760535856882_1504\"><span id=\"yui_3_17_2_1_1760535856882_1505\" style=\"color: #000000;\">Formas de Transmisi\u00f3n del Calor<\/span><\/li>\r\n<li id=\"yui_3_17_2_1_1760535856882_1506\"><span id=\"yui_3_17_2_1_1760535856882_1507\" style=\"color: #000000;\">Modos de Propagaci\u00f3n del Fuego<\/span><\/li>\r\n<li id=\"yui_3_17_2_1_1760535856882_1508\"><span id=\"yui_3_17_2_1_1760535856882_1509\" style=\"color: #000000;\">Clasificaci\u00f3n de Combustibles<\/span><\/li>\r\n<\/ul>\r\n<p><span style=\"text-decoration: underline; color: #000000;\"><strong id=\"yui_3_17_2_1_1760535856882_1511\" data-slate-leaf=\"true\">Actividades<\/strong><\/span><\/p>\r\n<p><span id=\"yui_3_17_2_1_1760535856882_1516\" style=\"color: #000000;\" data-key=\"165\"><span id=\"yui_3_17_2_1_1760535856882_1517\" data-offset-key=\"165:0\">Se incluyen diez (10) videos explicativos y seis (6) cuestionarios evaluatorios.<\/span><\/span><\/p>\r\n<p id=\"yui_3_17_2_1_1760535856882_1518\" data-key=\"166\"><span style=\"text-decoration: underline; color: #000000;\"><span id=\"yui_3_17_2_1_1760535856882_1519\" data-key=\"167\"><span id=\"yui_3_17_2_1_1760535856882_1520\" data-offset-key=\"167:0\"><strong id=\"yui_3_17_2_1_1760535856882_1521\" data-slate-leaf=\"true\">Docente<\/strong><\/span><\/span><\/span><\/p>\r\n<p><span id=\"yui_3_17_2_1_1760535856882_1524\" style=\"color: #000000;\" data-key=\"170\"><span id=\"yui_3_17_2_1_1760535856882_1525\" data-offset-key=\"170:0\">Ing. N\u00e9stor Adolfo BOTTA<\/span><\/span><\/p>\r\n<p><span style=\"color: #000000;\"><span id=\"yui_3_17_2_1_1760535856882_1527\" data-key=\"172\"><span id=\"yui_3_17_2_1_1760535856882_1528\" data-offset-key=\"172:0\">Consultas a\u00a0<\/span><\/span><a id=\"yui_3_17_2_1_1760535856882_1529\" style=\"color: #000000;\" href=\"mailto:nestor.botta@redproteger.com.ar\" data-key=\"173\">nestor.botta@redproteger.com.ar<\/a><\/span><\/p>\r\n<p><span style=\"text-decoration: underline; color: #000000;\"><strong>Modalidad<\/strong><\/span><\/p>\r\n<p><span style=\"color: #000000;\">\r\n\r\n<\/span><\/p>\r\n<p><span style=\"color: #000000;\">El curso es del tipo virtual a distancia asincr\u00f3nico. Se puede ingresar al sal\u00f3n virtual en el momento que el alumno disponga de tiempo. No hay limitaciones de tiempo dentro del plazo para la culminaci\u00f3n del curso.<\/span><\/p>\r\n<p><span style=\"color: #000000;\">\r\n\r\n<\/span><\/p>\r\n<p><span style=\"color: #000000;\">Se entrega material de lectura digital.<\/span><\/p>\r\n<p><span style=\"color: #000000;\">\r\n\r\n<\/span><\/p>\r\n<p><span style=\"color: #000000;\">Se emite certificado de aprobado digital cuando se cumplan todas las actividades con una nota mayor a 6\/10.<\/span><\/p>\r\n<p><span style=\"text-decoration: underline; color: #000000;\"><strong>Duraci\u00f3n del Curso<\/strong><\/span><\/p>\r\n<p><span style=\"color: #000000;\">\r\n\r\n<\/span><\/p>\r\n<p><span style=\"color: #000000;\">Treinta (30) d\u00edas es el tiempo que permanece abierta el sal\u00f3n virtual.<\/span><\/p>\r\n<p><span style=\"color: #000000;\">\r\n\r\n\r\n\r\n\r\n\r\n\r\n\r\n<\/span><\/p>\r\n<p><span style=\"text-decoration: underline; color: #000000;\"><strong>Ingreso a la Sala Virtual<\/strong><\/span><\/p>\r\n<p><span style=\"color: #000000;\">\r\n\r\n<\/span><\/p>\r\n<p><span style=\"color: #000000;\">Una vez acreditado el pago, ser\u00e1 enviado en forma inmediata un email con las instrucciones y la clave de matriculaci\u00f3n para acceder a la Sala, para lo cual se deber\u00e1 realizar el registro en <a style=\"color: #000000;\" href=\"http:\/\/www.salavirtual.com.ar\">www.salavirtual.com.ar<\/a>.<\/span><\/p>\r\n<p><span style=\"color: #000000;\">\r\n\r\n<\/span><\/p>\r\n<p><span style=\"text-decoration: underline; color: #000000;\"><strong>Sobre la Facturaci\u00f3n<\/strong><\/span><\/p>\r\n<p><span style=\"color: #000000;\">\r\n\r\n<\/span><\/p>\r\n<p><span style=\"color: #000000;\">Se emite factura tipo \u00abC\u00bb.<\/span><\/p>\r\n<p><span style=\"color: #000000;\">\r\n\r\n\r\n\r\n\r\n\r\n<\/span><\/p>\r\n<p><span style=\"color: #000000;\">Opci\u00f3n de abonar en D\u00f3lares v\u00eda <strong><em>Paypal<\/em><\/strong> para los que no pueden abonar en pesos argentinos (solicitar link de pago a <a style=\"color: #000000;\" href=\"mailto:info@salavirtual.com.ar\">info@salavirtual.com.ar<\/a>).<\/span><\/p>\r\n","protected":false},"excerpt":{"rendered":"<p><span style=\"color: #000000;\">Comprender el proceso de la din\u00e1mica b\u00e1sica de los incendios.<\/span><\/p>\n","protected":false},"featured_media":1149,"comment_status":"open","ping_status":"closed","template":"","meta":{"jetpack_publicize_message":"","jetpack_publicize_feature_enabled":true,"jetpack_social_post_already_shared":true,"jetpack_social_options":{"image_generator_settings":{"template":"highway","default_image_id":0,"font":"","enabled":false},"version":2}},"product_brand":[414],"product_cat":[383,403],"product_tag":[376],"class_list":{"0":"post-907","1":"product","2":"type-product","3":"status-publish","4":"has-post-thumbnail","6":"product_brand-redproteger","7":"product_cat-incendio","8":"product_cat-ofertas","9":"product_tag-incendio","11":"first","12":"instock","13":"virtual","14":"sold-individually","15":"purchasable","16":"product-type-simple"},"jetpack_publicize_connections":[],"jetpack_sharing_enabled":true,"jetpack_likes_enabled":true,"_links":{"self":[{"href":"https:\/\/www.salavirtual.com.ar\/plataformaz\/wp-json\/wp\/v2\/product\/907","targetHints":{"allow":["GET"]}}],"collection":[{"href":"https:\/\/www.salavirtual.com.ar\/plataformaz\/wp-json\/wp\/v2\/product"}],"about":[{"href":"https:\/\/www.salavirtual.com.ar\/plataformaz\/wp-json\/wp\/v2\/types\/product"}],"replies":[{"embeddable":true,"href":"https:\/\/www.salavirtual.com.ar\/plataformaz\/wp-json\/wp\/v2\/comments?post=907"}],"wp:featuredmedia":[{"embeddable":true,"href":"https:\/\/www.salavirtual.com.ar\/plataformaz\/wp-json\/wp\/v2\/media\/1149"}],"wp:attachment":[{"href":"https:\/\/www.salavirtual.com.ar\/plataformaz\/wp-json\/wp\/v2\/media?parent=907"}],"wp:term":[{"taxonomy":"product_brand","embeddable":true,"href":"https:\/\/www.salavirtual.com.ar\/plataformaz\/wp-json\/wp\/v2\/product_brand?post=907"},{"taxonomy":"product_cat","embeddable":true,"href":"https:\/\/www.salavirtual.com.ar\/plataformaz\/wp-json\/wp\/v2\/product_cat?post=907"},{"taxonomy":"product_tag","embeddable":true,"href":"https:\/\/www.salavirtual.com.ar\/plataformaz\/wp-json\/wp\/v2\/product_tag?post=907"}],"curies":[{"name":"wp","href":"https:\/\/api.w.org\/{rel}","templated":true}]}}