{"id":533,"date":"2024-09-16T14:10:12","date_gmt":"2024-09-16T17:10:12","guid":{"rendered":"https:\/\/www.salavirtual.com.ar\/plataformaz\/?post_type=product&#038;p=533"},"modified":"2026-02-12T13:03:26","modified_gmt":"2026-02-12T16:03:26","slug":"curso-metodos-para-la-evaluacion-del-riesgo-incluye-cursos-23-24-25","status":"publish","type":"product","link":"https:\/\/www.salavirtual.com.ar\/plataformaz\/producto\/curso-metodos-para-la-evaluacion-del-riesgo-incluye-cursos-23-24-25\/","title":{"rendered":"COMBO D: M\u00e9todos para la Evaluaci\u00f3n del Riesgo (incluye cursos #23\/#24\/#25)"},"content":{"rendered":"\r\n<p><span style=\"color: #000000;\">El presente es una oferta de los cursos relacionados a las herramientas de evaluaci\u00f3n y an\u00e1lisis de riesgo, comprende los cursos de:<\/span><\/p>\r\n<ul>\r\n<li><span style=\"color: #000000;\">CURSO #23: El An\u00e1lisis de Tarea Segura (ATS)<\/span><\/li>\r\n<li><span style=\"color: #000000;\">CURSO #24: M\u00e9todos Matriciales para la Evaluaci\u00f3n del Riesgo<\/span><\/li>\r\n<li><span style=\"color: #000000;\">CURSO #25: M\u00e9todo BowTie (M\u00e9todo de An\u00e1lisis de Peligro)<\/span><\/li>\r\n<\/ul>\r\n<p><span style=\"text-decoration: underline; color: #000000;\"><strong>Modalidad<\/strong><\/span><\/p>\r\n<p><span style=\"color: #000000;\">El curso es del tipo virtual a distancia asincr\u00f3nico. Se puede ingresar al sal\u00f3n virtual en el momento que el alumno disponga de tiempo. No hay limitaciones de tiempo dentro del plazo para la culminaci\u00f3n del curso.<\/span><\/p>\r\n<p><span style=\"color: #000000;\">Se entrega material de lectura digital.<\/span><\/p>\r\n<p><span style=\"color: #000000;\">Se emite certificado de aprobado digital cuando se cumplan todas las actividades con una nota mayor a 6\/10.<\/span><\/p>\r\n<p><span style=\"text-decoration: underline; color: #000000;\"><strong>Ingreso a la Sala Virtual<\/strong><\/span><\/p>\r\n<p><span style=\"color: #000000;\">Una vez acreditado el pago, ser\u00e1 enviado en forma inmediata un email con las instrucciones y la clave de matriculaci\u00f3n para acceder a la Sala, para lo cual se deber\u00e1 realizar el registro en <a style=\"color: #000000;\" href=\"http:\/\/www.salavirtual.com.ar\/\">www.salavirtual.com.ar<\/a>.<\/span><\/p>\r\n<p><span style=\"text-decoration: underline; color: #000000;\"><strong>Sobre la Facturaci\u00f3n<\/strong><\/span><\/p>\r\n<p><span style=\"color: #000000;\">Se emite factura tipo \u00abC\u00bb.<\/span><\/p>\r\n<p><span style=\"color: #000000;\">Opci\u00f3n de abonar en D\u00f3lares v\u00eda\u00a0<strong><em>Paypal<\/em><\/strong>\u00a0para los que no pueden abonar en pesos argentinos (solicitar link de pago a\u00a0<a style=\"color: #000000;\" href=\"mailto:info@salavirtual.com.ar\">info@salavirtual.com.ar<\/a>).<\/span><\/p>\r\n","protected":false},"excerpt":{"rendered":"<p><span style=\"color: #000000;\">El presente es una oferta de los cursos relacionados a las herramienta de evaluaci\u00f3n y an\u00e1lisis de riesgo, comprende los cursos de:<\/span><\/p>\n<ul>\n<li><span style=\"color: #000000;\">CURSO #23: El An\u00e1lisis de Tarea Segura (ATS)<\/span><\/li>\n<li><span style=\"color: #000000;\">CURSO #24: M\u00e9todos Matriciales para la Evaluaci\u00f3n del Riesgo<\/span><\/li>\n<li><span style=\"color: #000000;\">CURSO #25: M\u00e9todo BowTie (M\u00e9todo de An\u00e1lisis de Peligro)<\/span><\/li>\n<\/ul>\n","protected":false},"featured_media":1128,"comment_status":"open","ping_status":"closed","template":"","meta":{"jetpack_publicize_message":"","jetpack_publicize_feature_enabled":true,"jetpack_social_post_already_shared":true,"jetpack_social_options":{"image_generator_settings":{"template":"highway","default_image_id":0,"font":"","enabled":false},"version":2}},"product_brand":[414],"product_cat":[384,403],"product_tag":[389,387,385,386],"class_list":{"0":"post-533","1":"product","2":"type-product","3":"status-publish","4":"has-post-thumbnail","6":"product_brand-redproteger","7":"product_cat-gestion-de-riesgos","8":"product_cat-ofertas","9":"product_tag-analisis-riesgo","10":"product_tag-gestion-riesgo","11":"product_tag-peligro","12":"product_tag-riesgo","14":"first","15":"instock","16":"sale","17":"featured","18":"virtual","19":"sold-individually","20":"purchasable","21":"product-type-wooco"},"jetpack_publicize_connections":[],"jetpack_sharing_enabled":true,"jetpack_likes_enabled":true,"_links":{"self":[{"href":"https:\/\/www.salavirtual.com.ar\/plataformaz\/wp-json\/wp\/v2\/product\/533","targetHints":{"allow":["GET"]}}],"collection":[{"href":"https:\/\/www.salavirtual.com.ar\/plataformaz\/wp-json\/wp\/v2\/product"}],"about":[{"href":"https:\/\/www.salavirtual.com.ar\/plataformaz\/wp-json\/wp\/v2\/types\/product"}],"replies":[{"embeddable":true,"href":"https:\/\/www.salavirtual.com.ar\/plataformaz\/wp-json\/wp\/v2\/comments?post=533"}],"wp:featuredmedia":[{"embeddable":true,"href":"https:\/\/www.salavirtual.com.ar\/plataformaz\/wp-json\/wp\/v2\/media\/1128"}],"wp:attachment":[{"href":"https:\/\/www.salavirtual.com.ar\/plataformaz\/wp-json\/wp\/v2\/media?parent=533"}],"wp:term":[{"taxonomy":"product_brand","embeddable":true,"href":"https:\/\/www.salavirtual.com.ar\/plataformaz\/wp-json\/wp\/v2\/product_brand?post=533"},{"taxonomy":"product_cat","embeddable":true,"href":"https:\/\/www.salavirtual.com.ar\/plataformaz\/wp-json\/wp\/v2\/product_cat?post=533"},{"taxonomy":"product_tag","embeddable":true,"href":"https:\/\/www.salavirtual.com.ar\/plataformaz\/wp-json\/wp\/v2\/product_tag?post=533"}],"curies":[{"name":"wp","href":"https:\/\/api.w.org\/{rel}","templated":true}]}}