{"id":509,"date":"2024-09-13T09:25:01","date_gmt":"2024-09-13T12:25:01","guid":{"rendered":"https:\/\/www.salavirtual.com.ar\/plataformaz\/?post_type=product&#038;p=509"},"modified":"2026-02-12T13:01:15","modified_gmt":"2026-02-12T16:01:15","slug":"curso-calculo-de-extintores-portatiles-cursos-1-9-11","status":"publish","type":"product","link":"https:\/\/www.salavirtual.com.ar\/plataformaz\/producto\/curso-calculo-de-extintores-portatiles-cursos-1-9-11\/","title":{"rendered":"COMBO A: C\u00e1lculo de Extintores Port\u00e1tiles (incluye cursos #1\/#9\/#11)"},"content":{"rendered":"\r\n<p><span style=\"color: #000000;\">El presente es una oferta de los cursos relacionados al c\u00e1lculo de extintores port\u00e1tiles, comprende los cursos de:<\/span><\/p>\r\n<ul>\r\n<li><span style=\"color: #000000;\">CURSO #1.v3: C\u00e1lculo de Extintores Port\u00e1tiles. M\u00e9todo de Carga de Fuego<\/span><\/li>\r\n<li><span style=\"color: #000000;\">CURSO #9: C\u00e1lculo de Extintores Port\u00e1tiles. M\u00e9todo IRAM 3517:2020<\/span><\/li>\r\n<li><span style=\"color: #000000;\">CURSO #11: C\u00e1lculo de Extintores Port\u00e1tiles. M\u00e9todo NFPA 10:2022<\/span><\/li>\r\n<\/ul>\r\n<p><span style=\"color: #000000;\">\r\n\r\n<\/span><\/p>\r\n<p><span style=\"text-decoration: underline; color: #000000;\"><strong>Modalidad<\/strong><\/span><\/p>\r\n<p><span style=\"color: #000000;\">\r\n\r\n<\/span><\/p>\r\n<p><span style=\"color: #000000;\">El curso es del tipo virtual a distancia asincr\u00f3nico. Se puede ingresar al sal\u00f3n virtual en el momento que el alumno disponga de tiempo. No hay limitaciones de tiempo dentro del plazo para la culminaci\u00f3n del curso.<\/span><\/p>\r\n<p><span style=\"color: #000000;\">\r\n\r\n<\/span><\/p>\r\n<p><span style=\"color: #000000;\">Se entrega material de lectura digital.<\/span><\/p>\r\n<p><span style=\"color: #000000;\">\r\n\r\n<\/span><\/p>\r\n<p><span style=\"color: #000000;\">Se emite certificado de aprobado digital cuando se cumplan todas las actividades con una nota mayor a 6\/10.<\/span><\/p>\r\n<p><span style=\"color: #000000;\">\r\n\r\n<\/span><\/p>\r\n<p><span style=\"text-decoration: underline; color: #000000;\"><strong>Ingreso a la Sala Virtual<\/strong><\/span><\/p>\r\n<p><span style=\"color: #000000;\">\r\n\r\n<\/span><\/p>\r\n<p><span style=\"color: #000000;\">Una vez acreditado el pago, ser\u00e1 enviado en forma inmediata un email con las instrucciones y la clave de matriculaci\u00f3n para acceder a la Sala, para lo cual se deber\u00e1 realizar el registro en <a style=\"color: #000000;\" href=\"http:\/\/www.salavirtual.com.ar\">www.salavirtual.com.ar<\/a>.<\/span><\/p>\r\n<p><span style=\"color: #000000;\">\r\n\r\n<\/span><\/p>\r\n<p><span style=\"text-decoration: underline; color: #000000;\"><strong>Sobre la Facturaci\u00f3n<\/strong><\/span><\/p>\r\n<p><span style=\"color: #000000;\">\r\n\r\n<\/span><\/p>\r\n<p><span style=\"color: #000000;\">Se emite factura tipo \u00abC\u00bb.<\/span><\/p>\r\n<p><span style=\"color: #000000;\">\r\n\r\n<\/span><\/p>\r\n<p><span style=\"color: #000000;\">Opci\u00f3n de abonar en D\u00f3lares v\u00eda <strong><em>Paypal<\/em><\/strong> para los que no pueden abonar en pesos argentinos (solicitar link de pago a <a style=\"color: #000000;\" href=\"mailto:info@salavirtual.com.ar\">info@salavirtual.com.ar<\/a>).<\/span><\/p>\r\n","protected":false},"excerpt":{"rendered":"<p><span style=\"color: #000000;\">El presente es una oferta de los cursos relacionados al c\u00e1lculo de extintores port\u00e1tiles, comprende los cursos de:<\/span><\/p>\n<ul>\n<li><span style=\"color: #000000;\">CURSO #1.v3: C\u00e1lculo de Extintores Port\u00e1tiles. M\u00e9todo de Carga de Fuego<\/span><\/li>\n<li><span style=\"color: #000000;\">CURSO #9: C\u00e1lculo de Extintores Port\u00e1tiles. M\u00e9todo IRAM 3517:2020<\/span><\/li>\n<li><span style=\"color: #000000;\">CURSO #11: C\u00e1lculo de Extintores Port\u00e1tiles. M\u00e9todo NFPA 10:2022<\/span><\/li>\n<\/ul>\n","protected":false},"featured_media":1124,"comment_status":"open","ping_status":"closed","template":"","meta":{"jetpack_publicize_message":"","jetpack_publicize_feature_enabled":true,"jetpack_social_post_already_shared":true,"jetpack_social_options":{"image_generator_settings":{"template":"highway","default_image_id":0,"font":"","enabled":false},"version":2}},"product_brand":[414],"product_cat":[16,403],"product_tag":[345,339,340],"class_list":{"0":"post-509","1":"product","2":"type-product","3":"status-publish","4":"has-post-thumbnail","6":"product_brand-redproteger","7":"product_cat-extintores-portatiles","8":"product_cat-ofertas","9":"product_tag-carga-de-fuego","10":"product_tag-extintores","11":"product_tag-matafuegos","13":"first","14":"instock","15":"sale","16":"featured","17":"virtual","18":"sold-individually","19":"purchasable","20":"product-type-wooco"},"jetpack_publicize_connections":[],"jetpack_sharing_enabled":true,"jetpack_likes_enabled":true,"_links":{"self":[{"href":"https:\/\/www.salavirtual.com.ar\/plataformaz\/wp-json\/wp\/v2\/product\/509","targetHints":{"allow":["GET"]}}],"collection":[{"href":"https:\/\/www.salavirtual.com.ar\/plataformaz\/wp-json\/wp\/v2\/product"}],"about":[{"href":"https:\/\/www.salavirtual.com.ar\/plataformaz\/wp-json\/wp\/v2\/types\/product"}],"replies":[{"embeddable":true,"href":"https:\/\/www.salavirtual.com.ar\/plataformaz\/wp-json\/wp\/v2\/comments?post=509"}],"wp:featuredmedia":[{"embeddable":true,"href":"https:\/\/www.salavirtual.com.ar\/plataformaz\/wp-json\/wp\/v2\/media\/1124"}],"wp:attachment":[{"href":"https:\/\/www.salavirtual.com.ar\/plataformaz\/wp-json\/wp\/v2\/media?parent=509"}],"wp:term":[{"taxonomy":"product_brand","embeddable":true,"href":"https:\/\/www.salavirtual.com.ar\/plataformaz\/wp-json\/wp\/v2\/product_brand?post=509"},{"taxonomy":"product_cat","embeddable":true,"href":"https:\/\/www.salavirtual.com.ar\/plataformaz\/wp-json\/wp\/v2\/product_cat?post=509"},{"taxonomy":"product_tag","embeddable":true,"href":"https:\/\/www.salavirtual.com.ar\/plataformaz\/wp-json\/wp\/v2\/product_tag?post=509"}],"curies":[{"name":"wp","href":"https:\/\/api.w.org\/{rel}","templated":true}]}}