{"id":507,"date":"2024-09-13T08:32:20","date_gmt":"2024-09-13T11:32:20","guid":{"rendered":"https:\/\/www.salavirtual.com.ar\/plataformaz\/?post_type=product&#038;p=507"},"modified":"2026-02-12T14:32:17","modified_gmt":"2026-02-12T17:32:17","slug":"curso-red-de-incendio-en-base-a-agua-cursos-4-5-6","status":"publish","type":"product","link":"https:\/\/www.salavirtual.com.ar\/plataformaz\/producto\/curso-red-de-incendio-en-base-a-agua-cursos-4-5-6\/","title":{"rendered":"COMBO B: Red de Incendio en Base a Agua (incluye cursos #4\/#5\/#6)"},"content":{"rendered":"\r\n\r\n\r\n\r\n\r\n<p><span style=\"color: #000000;\">El presente es una oferta de los cursos relacionados al funcionamiento y dise\u00f1o de redes de incendios, que comprende los cursos de:<\/span><\/p>\r\n<ul>\r\n<li><span style=\"color: #000000;\">CURSO #4: Funcionamiento de Redes de Incendio en Base a Agua<\/span><\/li>\r\n<li><span style=\"color: #000000;\">CURSO #5: Selecci\u00f3n de Bombas de Incendio<\/span><\/li>\r\n<li><span style=\"color: #000000;\">CURSO #6: Funcionamiento y Dise\u00f1o de Sistema de Hidrantes<\/span><\/li>\r\n<\/ul>\r\n<p><span style=\"text-decoration: underline; color: #000000;\"><strong>Modalidad<\/strong><\/span><\/p>\r\n<p><span style=\"color: #000000;\">\r\n\r\n<\/span><\/p>\r\n<p><span style=\"color: #000000;\">El curso es del tipo virtual a distancia asincr\u00f3nico. Se puede ingresar al sal\u00f3n virtual en el momento que el alumno disponga de tiempo. No hay limitaciones de tiempo dentro del plazo para la culminaci\u00f3n del curso.<\/span><\/p>\r\n<p><span style=\"color: #000000;\">\r\n\r\n<\/span><\/p>\r\n<p><span style=\"color: #000000;\">Se entrega material de lectura digital.<\/span><\/p>\r\n<p><span style=\"color: #000000;\">\r\n\r\n<\/span><\/p>\r\n<p><span style=\"color: #000000;\">Se emite certificado de aprobado digital cuando se cumplan todas las actividades con una nota mayor a 6\/10.<\/span><\/p>\r\n<p><span style=\"color: #000000;\">\r\n\r\n<\/span><\/p>\r\n<p><span style=\"text-decoration: underline; color: #000000;\"><strong>Ingreso a la Sala Virtual<\/strong><\/span><\/p>\r\n<p><span style=\"color: #000000;\">\r\n\r\n<\/span><\/p>\r\n<p><span style=\"color: #000000;\">Una vez acreditado el pago, ser\u00e1 enviado en forma inmediata un email con las instrucciones y la clave de matriculaci\u00f3n para acceder a la Sala, para lo cual se deber\u00e1 realizar el registro en <a style=\"color: #000000;\" href=\"http:\/\/www.salavirtual.com.ar\">www.salavirtual.com.ar<\/a>.<\/span><\/p>\r\n<p><span style=\"color: #000000;\">\r\n\r\n<\/span><\/p>\r\n<p><span style=\"text-decoration: underline; color: #000000;\"><strong>Sobre la Facturaci\u00f3n<\/strong><\/span><\/p>\r\n<p><span style=\"color: #000000;\">\r\n\r\n<\/span><\/p>\r\n<p><span style=\"color: #000000;\">Se emite factura tipo \u00abC\u00bb.<\/span><\/p>\r\n<p><span style=\"color: #000000;\">\r\n\r\n<\/span><\/p>\r\n<p><span style=\"color: #000000;\">Opci\u00f3n de abonar en D\u00f3lares v\u00eda <strong><em>Paypal<\/em><\/strong> para los que no pueden abonar en pesos argentinos (solicitar link de pago a <a style=\"color: #000000;\" href=\"mailto:info@salavirtual.com.ar\">info@salavirtual.com.ar<\/a>).<\/span><\/p>\r\n","protected":false},"excerpt":{"rendered":"<p><span style=\"color: #000000;\">El presente es una oferta de los tres cursos relacionados al funcionamiento y dise\u00f1o de redes de incendios que comprende el curso de:<\/span><\/p>\n<ul>\n<li class=\"product_title entry-title\"><span style=\"color: #000000;\">CURSO #4: Funcionamiento de Redes de Incendio en Base a Agua<\/span><\/li>\n<li><span style=\"color: #000000;\">CURSO #5: Selecci\u00f3n de Bombas de Incendio<\/span><\/li>\n<li><span style=\"color: #000000;\">CURSO #6: Funcionamiento y Dise\u00f1o de Sistema de Hidrantes<\/span><\/li>\n<\/ul>\n","protected":false},"featured_media":1168,"comment_status":"open","ping_status":"closed","template":"","meta":{"jetpack_publicize_message":"","jetpack_publicize_feature_enabled":true,"jetpack_social_post_already_shared":true,"jetpack_social_options":{"image_generator_settings":{"template":"highway","default_image_id":0,"font":"","enabled":false},"version":2}},"product_brand":[414],"product_cat":[403,375],"product_tag":[378,379,376,377],"class_list":{"0":"post-507","1":"product","2":"type-product","3":"status-publish","4":"has-post-thumbnail","6":"product_brand-redproteger","7":"product_cat-ofertas","8":"product_cat-red-de-incendio","9":"product_tag-bomba-incendio","10":"product_tag-hidrantes","11":"product_tag-incendio","12":"product_tag-red-incendio","14":"first","15":"instock","16":"sale","17":"featured","18":"virtual","19":"sold-individually","20":"purchasable","21":"product-type-wooco"},"jetpack_publicize_connections":[],"jetpack_sharing_enabled":true,"jetpack_likes_enabled":true,"_links":{"self":[{"href":"https:\/\/www.salavirtual.com.ar\/plataformaz\/wp-json\/wp\/v2\/product\/507","targetHints":{"allow":["GET"]}}],"collection":[{"href":"https:\/\/www.salavirtual.com.ar\/plataformaz\/wp-json\/wp\/v2\/product"}],"about":[{"href":"https:\/\/www.salavirtual.com.ar\/plataformaz\/wp-json\/wp\/v2\/types\/product"}],"replies":[{"embeddable":true,"href":"https:\/\/www.salavirtual.com.ar\/plataformaz\/wp-json\/wp\/v2\/comments?post=507"}],"wp:featuredmedia":[{"embeddable":true,"href":"https:\/\/www.salavirtual.com.ar\/plataformaz\/wp-json\/wp\/v2\/media\/1168"}],"wp:attachment":[{"href":"https:\/\/www.salavirtual.com.ar\/plataformaz\/wp-json\/wp\/v2\/media?parent=507"}],"wp:term":[{"taxonomy":"product_brand","embeddable":true,"href":"https:\/\/www.salavirtual.com.ar\/plataformaz\/wp-json\/wp\/v2\/product_brand?post=507"},{"taxonomy":"product_cat","embeddable":true,"href":"https:\/\/www.salavirtual.com.ar\/plataformaz\/wp-json\/wp\/v2\/product_cat?post=507"},{"taxonomy":"product_tag","embeddable":true,"href":"https:\/\/www.salavirtual.com.ar\/plataformaz\/wp-json\/wp\/v2\/product_tag?post=507"}],"curies":[{"name":"wp","href":"https:\/\/api.w.org\/{rel}","templated":true}]}}