{"id":311,"date":"2024-09-03T10:56:07","date_gmt":"2024-09-03T13:56:07","guid":{"rendered":"https:\/\/www.salavirtual.com.ar\/plataformaz\/?post_type=product&#038;p=311"},"modified":"2026-02-12T13:25:39","modified_gmt":"2026-02-12T16:25:39","slug":"curso-21-extincion-de-incendios-en-cocinas-industriales","status":"publish","type":"product","link":"https:\/\/www.salavirtual.com.ar\/plataformaz\/producto\/curso-21-extincion-de-incendios-en-cocinas-industriales\/","title":{"rendered":"CURSO #21: Extinci\u00f3n de Incendios en Cocinas Industriales"},"content":{"rendered":"\r\n\r\n\r\n<p><span style=\"text-decoration: underline; color: #000000;\"><strong>Objetivo<\/strong><\/span><\/p>\r\n<p><span style=\"color: #000000;\">\r\n\r\n<\/span><\/p>\r\n<p><span style=\"color: #000000;\">Comprender la problem\u00e1tica de los incendios en el \u00e1mbito de las cocinas industriales y su extinci\u00f3n con equipos port\u00e1tiles.<\/span><\/p>\r\n<p><span style=\"color: #000000;\">\r\n\r\n<\/span><\/p>\r\n<p><span style=\"text-decoration: underline; color: #000000;\"><strong>Metodolog\u00eda<\/strong><\/span><\/p>\r\n<p><span style=\"color: #000000;\">\r\n\r\n<\/span><\/p>\r\n<p><span style=\"color: #000000;\">El curso est\u00e1 dividido en diecis\u00e9is (16) m\u00f3dulos. Cada m\u00f3dulo trata un s\u00f3lo concepto de forma tal que progresivamente se pueda ir construyendo una idea del tema, adem\u00e1s, de poder ir progresando en el curso de a etapas cortas.<\/span><\/p>\r\n<p><span style=\"color: #000000;\">\r\n\r\n<\/span><\/p>\r\n<p><span style=\"color: #000000;\">Cada tema tiene una evaluaci\u00f3n, que se puede hacer varias veces hasta aprobar, como condici\u00f3n para acceder al tema siguiente.<\/span><\/p>\r\n<p><span style=\"color: #000000;\">\r\n\r\n<\/span><\/p>\r\n<p><span style=\"color: #000000;\">Cada actividad se debe aprobar con 6\/10.<\/span><\/p>\r\n<p><span style=\"color: #000000;\">\r\n\r\n<\/span><\/p>\r\n<p><span style=\"color: #000000;\">Se debe aprobar cada cuestionario para acceder el m\u00f3dulo siguiente y\/o entregar el trabajo pr\u00e1ctico previsto, seg\u00fan la programaci\u00f3n de cada m\u00f3dulo.<\/span><\/p>\r\n<p><span style=\"color: #000000;\">\r\n\r\n<\/span><\/p>\r\n<p><span style=\"text-decoration: underline; color: #000000;\"><strong>Dirigido<\/strong><\/span><\/p>\r\n<p><span style=\"color: #000000;\">\r\n\r\n<\/span><\/p>\r\n<p><span style=\"color: #000000;\">Personal de cocinas industriales.<\/span><\/p>\r\n<p><span style=\"color: #000000;\">\r\n\r\n<\/span><\/p>\r\n<p><span style=\"text-decoration: underline; color: #000000;\"><strong>Requisitos<\/strong><\/span><\/p>\r\n<p><span style=\"color: #000000;\">\r\n\r\n<\/span><\/p>\r\n<p><span style=\"color: #000000;\">Ninguno.<\/span><\/p>\r\n<p><span style=\"color: #000000;\">\r\n\r\n<\/span><\/p>\r\n<p><span style=\"text-decoration: underline; color: #000000;\"><strong>Duraci\u00f3n del Curso<\/strong><\/span><\/p>\r\n<p><span style=\"color: #000000;\">\r\n\r\n<\/span><\/p>\r\n<p><span style=\"color: #000000;\">Treinta (30) d\u00edas es el tiempo que permanece abierta el sal\u00f3n virtual.<\/span><\/p>\r\n<p><span style=\"color: #000000;\">\r\n\r\n<\/span><\/p>\r\n<p><span style=\"text-decoration: underline; color: #000000;\"><strong>Temario<\/strong><\/span><\/p>\r\n<p><span style=\"color: #000000;\">\r\n\r\n<\/span><\/p>\r\n<ul class=\"wp-block-list\">\r\n<li><span style=\"color: #000000;\">Fuego Versus Incendio<\/span><\/li>\r\n\r\n\r\n\r\n<li><span style=\"color: #000000;\">El Tri\u00e1ngulo del Fuego<\/span><\/li>\r\n\r\n\r\n\r\n<li><span style=\"color: #000000;\">Clasificaci\u00f3n de los Combustibles<\/span><\/li>\r\n\r\n\r\n\r\n<li><span style=\"color: #000000;\">Los Agentes Extintores<\/span><\/li>\r\n\r\n\r\n\r\n<li><span style=\"color: #000000;\">\u00bfQu\u00e9 es el Fuego Clase K?<\/span><\/li>\r\n\r\n\r\n\r\n<li><span style=\"color: #000000;\">\u00bfQu\u00e9 es el Agente Extintor Clase K?<\/span><\/li>\r\n\r\n\r\n\r\n<li><span style=\"color: #000000;\">Mecanismos de Extinci\u00f3n<\/span><\/li>\r\n\r\n\r\n\r\n<li><span style=\"color: #000000;\">Descarga<\/span><\/li>\r\n\r\n\r\n\r\n<li><span style=\"color: #000000;\">Caracter\u00edsticas del Agente K<\/span><\/li>\r\n\r\n\r\n\r\n<li><span style=\"color: #000000;\">Algunas Condiciones de los Extintores Port\u00e1tiles<\/span><\/li>\r\n\r\n\r\n\r\n<li><span style=\"color: #000000;\">Distribuci\u00f3n<\/span><\/li>\r\n\r\n\r\n\r\n<li><span style=\"color: #000000;\">Electricidad y Gas<\/span><\/li>\r\n\r\n\r\n\r\n<li><span style=\"color: #000000;\">Medidas de Prevenci\u00f3n<\/span><\/li>\r\n\r\n\r\n\r\n<li><span style=\"color: #000000;\">No Tengo Extintor de Agente K<\/span><\/li>\r\n\r\n\r\n\r\n<li><span style=\"color: #000000;\">Control B\u00e1sico de Extintores Port\u00e1tiles<\/span><\/li>\r\n\r\n\r\n\r\n<li><span style=\"color: #000000;\">\u00bfC\u00f3mo Operar un Extintor Port\u00e1til?<\/span><\/li>\r\n<\/ul>\r\n<p><span style=\"color: #000000;\">\r\n\r\n<\/span><\/p>\r\n<p><span style=\"text-decoration: underline; color: #000000;\"><strong>Docente y Moderador de la Sala<\/strong><\/span><\/p>\r\n<p><span style=\"color: #000000;\">\r\n\r\n<\/span><\/p>\r\n<p><span style=\"color: #000000;\">Ing. N\u00e9stor Adolfo BOTTA.<\/span><\/p>\r\n<p><span style=\"color: #000000;\">\r\n\r\n<\/span><\/p>\r\n<p><span style=\"color: #000000;\">Consultas a\u00a0<a style=\"color: #000000;\" href=\"mailto:nestor.botta@redproteger.com.ar\" target=\"_blank\" rel=\"noreferrer noopener\">nestor.botta@redproteger.com.ar<\/a><\/span><\/p>\r\n<p><span style=\"color: #000000;\">\r\n\r\n<\/span><\/p>\r\n<p><span style=\"text-decoration: underline; color: #000000;\"><strong>Modalidad<\/strong><\/span><\/p>\r\n<p><span style=\"color: #000000;\">\r\n\r\n<\/span><\/p>\r\n<p><span style=\"color: #000000;\">El curso es del tipo virtual a distancia asincr\u00f3nico. Se puede ingresar al sal\u00f3n virtual en el momento que el alumno disponga de tiempo. No hay limitaciones de tiempo dentro del plazo para la culminaci\u00f3n del curso.<\/span><\/p>\r\n<p><span style=\"color: #000000;\">\r\n\r\n<\/span><\/p>\r\n<p><span style=\"color: #000000;\">Se entrega material de lectura digital.<\/span><\/p>\r\n<p><span style=\"color: #000000;\">\r\n\r\n<\/span><\/p>\r\n<p><span style=\"color: #000000;\">Se emite certificado de aprobado digital cuando se cumplan todas las actividades con una nota mayor a 6\/10.<\/span><\/p>\r\n<p><span style=\"color: #000000;\">\r\n\r\n<\/span><\/p>\r\n<p><span style=\"text-decoration: underline; color: #000000;\"><strong>Ingreso a la Sala Virtual<\/strong><\/span><\/p>\r\n<p><span style=\"color: #000000;\">\r\n\r\n<\/span><\/p>\r\n<p><span style=\"color: #000000;\">Una vez acreditado el pago, ser\u00e1 enviado en forma inmediata un email con las instrucciones y la clave de matriculaci\u00f3n para acceder a la Sala, para lo cual se deber\u00e1 realizar el registro en <a style=\"color: #000000;\" href=\"http:\/\/www.salavirtual.com.ar\">www.salavirtual.com.ar<\/a>.<\/span><\/p>\r\n<p><span style=\"color: #000000;\">\r\n\r\n<\/span><\/p>\r\n<p><span style=\"text-decoration: underline; color: #000000;\"><strong>Sobre la Facturaci\u00f3n<\/strong><\/span><\/p>\r\n<p><span style=\"color: #000000;\">\r\n\r\n<\/span><\/p>\r\n<p><span style=\"color: #000000;\">Se emite factura tipo \u00abC\u00bb.<\/span><\/p>\r\n<p><span style=\"color: #000000;\">\r\n\r\n<\/span><\/p>\r\n<p><span style=\"color: #000000;\">Opci\u00f3n de abonar en D\u00f3lares v\u00eda <strong><em>Paypal<\/em><\/strong> para los que no pueden abonar en pesos argentinos (solicitar link de pago a <a style=\"color: #000000;\" href=\"mailto:info@salavirtual.com.ar\">info@salavirtual.com.ar<\/a>).<\/span><\/p>\r\n","protected":false},"excerpt":{"rendered":"<p><span style=\"color: #000000;\">Comprender la problem\u00e1tica de los incendios en el \u00e1mbito de las cocinas industriales y su extinci\u00f3n con equipos port\u00e1tiles.<\/span><\/p>\n","protected":false},"featured_media":1137,"comment_status":"open","ping_status":"closed","template":"","meta":{"jetpack_publicize_message":"","jetpack_publicize_feature_enabled":true,"jetpack_social_post_already_shared":true,"jetpack_social_options":{"image_generator_settings":{"template":"highway","default_image_id":0,"font":"","enabled":false},"version":2}},"product_brand":[414],"product_cat":[383],"product_tag":[381,343,380,339,376,382],"class_list":{"0":"post-311","1":"product","2":"type-product","3":"status-publish","4":"has-post-thumbnail","6":"product_brand-redproteger","7":"product_cat-incendio","8":"product_tag-agente-k","9":"product_tag-clase-k","10":"product_tag-cocina","11":"product_tag-extintores","12":"product_tag-incendio","13":"product_tag-incendio-en-cocina","15":"first","16":"instock","17":"virtual","18":"sold-individually","19":"purchasable","20":"product-type-simple"},"jetpack_publicize_connections":[],"jetpack_sharing_enabled":true,"jetpack_likes_enabled":true,"_links":{"self":[{"href":"https:\/\/www.salavirtual.com.ar\/plataformaz\/wp-json\/wp\/v2\/product\/311","targetHints":{"allow":["GET"]}}],"collection":[{"href":"https:\/\/www.salavirtual.com.ar\/plataformaz\/wp-json\/wp\/v2\/product"}],"about":[{"href":"https:\/\/www.salavirtual.com.ar\/plataformaz\/wp-json\/wp\/v2\/types\/product"}],"replies":[{"embeddable":true,"href":"https:\/\/www.salavirtual.com.ar\/plataformaz\/wp-json\/wp\/v2\/comments?post=311"}],"wp:featuredmedia":[{"embeddable":true,"href":"https:\/\/www.salavirtual.com.ar\/plataformaz\/wp-json\/wp\/v2\/media\/1137"}],"wp:attachment":[{"href":"https:\/\/www.salavirtual.com.ar\/plataformaz\/wp-json\/wp\/v2\/media?parent=311"}],"wp:term":[{"taxonomy":"product_brand","embeddable":true,"href":"https:\/\/www.salavirtual.com.ar\/plataformaz\/wp-json\/wp\/v2\/product_brand?post=311"},{"taxonomy":"product_cat","embeddable":true,"href":"https:\/\/www.salavirtual.com.ar\/plataformaz\/wp-json\/wp\/v2\/product_cat?post=311"},{"taxonomy":"product_tag","embeddable":true,"href":"https:\/\/www.salavirtual.com.ar\/plataformaz\/wp-json\/wp\/v2\/product_tag?post=311"}],"curies":[{"name":"wp","href":"https:\/\/api.w.org\/{rel}","templated":true}]}}