{"id":282,"date":"2024-08-28T10:28:40","date_gmt":"2024-08-28T13:28:40","guid":{"rendered":"https:\/\/www.salavirtual.com.ar\/plataformaz\/?post_type=product&#038;p=282"},"modified":"2026-02-13T11:35:15","modified_gmt":"2026-02-13T14:35:15","slug":"curso-medicion-explosividad-con-equipos-portatiles","status":"publish","type":"product","link":"https:\/\/www.salavirtual.com.ar\/plataformaz\/producto\/curso-medicion-explosividad-con-equipos-portatiles\/","title":{"rendered":"CURSO #03.v2: Medici\u00f3n Explosividad con Equipos Port\u00e1tiles"},"content":{"rendered":"\r\n\r\n\r\n<p><span style=\"text-decoration: underline; color: #000000;\"><strong>Objetivo<\/strong><\/span><\/p>\r\n<p><span style=\"color: #000000;\">\r\n\r\n<\/span><\/p>\r\n<p><span style=\"color: #000000;\">Comprender el proceso de medici\u00f3n de explosividad, los par\u00e1metros que regulan su medici\u00f3n y su interpretaci\u00f3n en el uso de equipos de medici\u00f3n de gases port\u00e1tiles.<\/span><\/p>\r\n<p><span style=\"color: #000000;\">\r\n\r\n<\/span><\/p>\r\n<p><span style=\"text-decoration: underline; color: #000000;\"><strong>Metodolog\u00eda<\/strong><\/span><\/p>\r\n<p><span style=\"color: #000000;\">\r\n\r\n<\/span><\/p>\r\n<p><span style=\"color: #000000;\">El curso est\u00e1 dividido en diecis\u00e9is (16) m\u00f3dulos. Cada m\u00f3dulo trata un s\u00f3lo concepto de forma tal que progresivamente se pueda ir construyendo una idea del tema, adem\u00e1s, de poder ir progresando en el curso de a etapas cortas.<\/span><\/p>\r\n<p><span style=\"color: #000000;\">\r\n\r\n<\/span><\/p>\r\n<p><span style=\"color: #000000;\">Cada tema tiene una evaluaci\u00f3n, que se puede hacer varias veces hasta aprobar, como condici\u00f3n para acceder al tema siguiente.<\/span><\/p>\r\n<p><span style=\"color: #000000;\">\r\n\r\n<\/span><\/p>\r\n<p><span style=\"color: #000000;\">Est\u00e1n previstos seis (6) trabajos pr\u00e1cticos, siendo el \u00faltimo el trabajo pr\u00e1ctico final.<\/span><\/p>\r\n<p><span style=\"color: #000000;\">\r\n\r\n<\/span><\/p>\r\n<p><span style=\"color: #000000;\">Cada actividad se debe aprobar con 6\/10.<\/span><\/p>\r\n<p><span style=\"color: #000000;\">\r\n\r\n<\/span><\/p>\r\n<p><span style=\"text-decoration: underline; color: #000000;\"><strong>Dirigido<\/strong><\/span><\/p>\r\n<p><span style=\"color: #000000;\">\r\n\r\n<\/span><\/p>\r\n<p><span style=\"color: #000000;\">Profesionales, Ingenieros, Licenciados, T\u00e9cnicos y estudiantes en Seguridad e Higiene en el Trabajo. Profesionales relacionados e interesados en la tem\u00e1tica. Bomberos. Rescatistas. Operadores y supervisores de planta de procesos que deben realizar o controlar este tipo de mediciones. Supervisores y trabajadores de ambientes confinados. Personal del \u00e1rea de mantenimiento. Empresas Contratistas.<\/span><\/p>\r\n<p><span style=\"color: #000000;\">\r\n\r\n<\/span><\/p>\r\n<p><span style=\"text-decoration: underline; color: #000000;\"><strong>Requisitos<\/strong><\/span><\/p>\r\n<p><span style=\"color: #000000;\">\r\n\r\n<\/span><\/p>\r\n<p><span style=\"color: #000000;\">Ninguno en particular.<\/span><\/p>\r\n<p><span style=\"color: #000000;\">\r\n\r\n<\/span><\/p>\r\n<p><span style=\"text-decoration: underline; color: #000000;\"><strong>Duraci\u00f3n del Curso<\/strong><\/span><\/p>\r\n<p><span style=\"color: #000000;\">\r\n\r\n<\/span><\/p>\r\n<p><span style=\"color: #000000;\">Treinta (30) d\u00edas es el tiempo que permanece abierta el sal\u00f3n virtual.<\/span><\/p>\r\n<p><span style=\"color: #000000;\">\r\n\r\n<\/span><\/p>\r\n<p><span style=\"text-decoration: underline; color: #000000;\"><strong>Temario<\/strong><\/span><\/p>\r\n<p><span style=\"color: #000000;\">\r\n\r\n<\/span><\/p>\r\n<ul class=\"wp-block-list\">\r\n<li><span style=\"color: #000000;\">Contextualizaci\u00f3n del Problema<\/span><\/li>\r\n\r\n\r\n\r\n<li><span style=\"color: #000000;\">La Cuesti\u00f3n Legal<\/span><\/li>\r\n\r\n\r\n\r\n<li><span style=\"color: #000000;\">Destruyendo Mitos<\/span><\/li>\r\n\r\n\r\n\r\n<li><span style=\"color: #000000;\">\u00bfC\u00f3mo Entender la Combusti\u00f3n?<\/span><\/li>\r\n\r\n\r\n\r\n<li><span style=\"color: #000000;\">El Proceso del Inicio de la Combusti\u00f3n<\/span><\/li>\r\n\r\n\r\n\r\n<li><span style=\"color: #000000;\">\u00bfQu\u00e9 se Necesita para que se Produzca una Combusti\u00f3n?<\/span><\/li>\r\n\r\n\r\n\r\n<li><span style=\"color: #000000;\">\u00bfQu\u00e9 es la Combusti\u00f3n?<\/span><\/li>\r\n\r\n\r\n\r\n<li><span style=\"color: #000000;\">Temperaturas del Proceso de la Combusti\u00f3n<\/span><\/li>\r\n\r\n\r\n\r\n<li><span style=\"color: #000000;\">L\u00edmites de Inflamabilidad<\/span><\/li>\r\n\r\n\r\n\r\n<li><span style=\"color: #000000;\">Medici\u00f3n de Explosividad<\/span><\/li>\r\n\r\n\r\n\r\n<li><span style=\"color: #000000;\">Alternativas de Trabajo<\/span><\/li>\r\n\r\n\r\n\r\n<li><span style=\"color: #000000;\">\u00bfQu\u00e9 Pasa Dentro del Rango de Inflamabilidad?<\/span><\/li>\r\n\r\n\r\n\r\n<li><span style=\"color: #000000;\">Variaci\u00f3n de los L\u00edmites de Inflamabilidad<\/span><\/li>\r\n\r\n\r\n\r\n<li><span style=\"color: #000000;\">Combusti\u00f3n con Exceso de Ox\u00edgeno<\/span><\/li>\r\n\r\n\r\n\r\n<li><span style=\"color: #000000;\">\u00bfQu\u00e9 Pasa Cuando se Mide Explosividad en Aire con Exceso de Oxigeno?<\/span><\/li>\r\n\r\n\r\n\r\n<li><span style=\"color: #000000;\">Modificaci\u00f3n de los L\u00edmites de Inflamabilidad con la Temperatura<\/span><\/li>\r\n\r\n\r\n\r\n<li><span style=\"color: #000000;\">LII y LSI con Presiones Distintas a la Ambiente<\/span><\/li>\r\n\r\n\r\n\r\n<li><span style=\"color: #000000;\">La Presi\u00f3n de Vapor y el LII<\/span><\/li>\r\n\r\n\r\n\r\n<li><span style=\"color: #000000;\">LII de Mezclas Inflamables (Regla de Le Ch\u00e2telier)<\/span><\/li>\r\n\r\n\r\n\r\n<li><span style=\"color: #000000;\">Estimaci\u00f3n de los L\u00edmites de Inflamabilidad<\/span><\/li>\r\n\r\n\r\n\r\n<li><span style=\"color: #000000;\">Calibraci\u00f3n de Equipos<\/span><\/li>\r\n\r\n\r\n\r\n<li><span style=\"color: #000000;\">Pautas Para Realizar Mediciones<\/span><\/li>\r\n\r\n\r\n\r\n<li><span style=\"color: #000000;\">El Sensor Catal\u00edtico<\/span><\/li>\r\n\r\n\r\n\r\n<li><span style=\"color: #000000;\">El Manual del Explos\u00edmetro<\/span><\/li>\r\n<\/ul>\r\n<p><span style=\"color: #000000;\">\r\n\r\n<\/span><\/p>\r\n<p><span style=\"text-decoration: underline; color: #000000;\"><strong>Docente y Moderador de la Sala<\/strong><\/span><\/p>\r\n<p><span style=\"color: #000000;\">\r\n\r\n<\/span><\/p>\r\n<p><span style=\"color: #000000;\">Ing. N\u00e9stor Adolfo BOTTA.<\/span><\/p>\r\n<p><span style=\"color: #000000;\">\r\n\r\n<\/span><\/p>\r\n<p><span style=\"color: #000000;\">Consultas a\u00a0<a style=\"color: #000000;\" href=\"mailto:nestor.botta@redproteger.com.ar\" target=\"_blank\" rel=\"noreferrer noopener\">nestor.botta@redproteger.com.ar<\/a><\/span><\/p>\r\n<p><span style=\"color: #000000;\">\r\n\r\n<\/span><\/p>\r\n<p><span style=\"text-decoration: underline; color: #000000;\"><strong>Modalidad<\/strong><\/span><\/p>\r\n<p><span style=\"color: #000000;\">\r\n\r\n<\/span><\/p>\r\n<p><span style=\"color: #000000;\">El curso es del tipo virtual a distancia asincr\u00f3nico. Se puede ingresar al sal\u00f3n virtual en el momento que el alumno disponga de tiempo. No hay limitaciones de tiempo dentro del plazo para la culminaci\u00f3n del curso.<\/span><\/p>\r\n<p><span style=\"color: #000000;\">\r\n\r\n<\/span><\/p>\r\n<p><span style=\"color: #000000;\">Se entrega material de lectura digital.<\/span><\/p>\r\n<p><span style=\"color: #000000;\">\r\n\r\n<\/span><\/p>\r\n<p><span style=\"color: #000000;\">Se emite certificado de aprobado digital cuando se cumplan todas las actividades con una nota mayor a 6\/10.<\/span><\/p>\r\n<p><span style=\"color: #000000;\">\r\n\r\n<\/span><\/p>\r\n<p><span style=\"text-decoration: underline; color: #000000;\"><strong>Ingreso a la Sala Virtual<\/strong><\/span><\/p>\r\n<p><span style=\"color: #000000;\">\r\n\r\n<\/span><\/p>\r\n<p><span style=\"color: #000000;\">Una vez acreditado el pago, ser\u00e1 enviado en forma inmediata un email con las instrucciones y la clave de matriculaci\u00f3n para acceder a la Sala, para lo cual se deber\u00e1 realizar el registro en <a style=\"color: #000000;\" href=\"http:\/\/www.salavirtual.com.ar\">www.salavirtual.com.ar<\/a>.<\/span><\/p>\r\n<p><span style=\"color: #000000;\">\r\n\r\n<\/span><\/p>\r\n<p><span style=\"text-decoration: underline; color: #000000;\"><strong>Sobre la Facturaci\u00f3n<\/strong><\/span><\/p>\r\n<p><span style=\"color: #000000;\">\r\n\r\n<\/span><\/p>\r\n<p><span style=\"color: #000000;\">Se emite factura tipo \u00abC\u00bb.<\/span><\/p>\r\n<p><span style=\"color: #000000;\">\r\n\r\n<\/span><\/p>\r\n<p><span style=\"color: #000000;\">Opci\u00f3n de abonar en D\u00f3lares v\u00eda <strong><em>Paypal<\/em><\/strong> para los que no pueden abonar en pesos argentinos (solicitar link de pago a <a style=\"color: #000000;\" href=\"mailto:info@salavirtual.com.ar\">info@salavirtual.com.ar<\/a>).<\/span><\/p>\r\n","protected":false},"excerpt":{"rendered":"<p><span style=\"color: #000000;\">Comprender el proceso de medici\u00f3n de explosividad, los par\u00e1metros que regulan su medici\u00f3n y su interpretaci\u00f3n en el uso de equipos de medici\u00f3n de gases port\u00e1tiles.<\/span><\/p>\n","protected":false},"featured_media":1169,"comment_status":"open","ping_status":"closed","template":"","meta":{"jetpack_publicize_message":"","jetpack_publicize_feature_enabled":true,"jetpack_social_post_already_shared":true,"jetpack_social_options":{"image_generator_settings":{"template":"highway","default_image_id":0,"font":"","enabled":false},"version":2}},"product_brand":[414],"product_cat":[373],"product_tag":[371,372],"class_list":{"0":"post-282","1":"product","2":"type-product","3":"status-publish","4":"has-post-thumbnail","6":"product_brand-redproteger","7":"product_cat-explosividad","8":"product_tag-explosimetro","9":"product_tag-medicion","11":"first","12":"instock","13":"virtual","14":"sold-individually","15":"purchasable","16":"product-type-simple"},"jetpack_publicize_connections":[],"jetpack_sharing_enabled":true,"jetpack_likes_enabled":true,"_links":{"self":[{"href":"https:\/\/www.salavirtual.com.ar\/plataformaz\/wp-json\/wp\/v2\/product\/282","targetHints":{"allow":["GET"]}}],"collection":[{"href":"https:\/\/www.salavirtual.com.ar\/plataformaz\/wp-json\/wp\/v2\/product"}],"about":[{"href":"https:\/\/www.salavirtual.com.ar\/plataformaz\/wp-json\/wp\/v2\/types\/product"}],"replies":[{"embeddable":true,"href":"https:\/\/www.salavirtual.com.ar\/plataformaz\/wp-json\/wp\/v2\/comments?post=282"}],"wp:featuredmedia":[{"embeddable":true,"href":"https:\/\/www.salavirtual.com.ar\/plataformaz\/wp-json\/wp\/v2\/media\/1169"}],"wp:attachment":[{"href":"https:\/\/www.salavirtual.com.ar\/plataformaz\/wp-json\/wp\/v2\/media?parent=282"}],"wp:term":[{"taxonomy":"product_brand","embeddable":true,"href":"https:\/\/www.salavirtual.com.ar\/plataformaz\/wp-json\/wp\/v2\/product_brand?post=282"},{"taxonomy":"product_cat","embeddable":true,"href":"https:\/\/www.salavirtual.com.ar\/plataformaz\/wp-json\/wp\/v2\/product_cat?post=282"},{"taxonomy":"product_tag","embeddable":true,"href":"https:\/\/www.salavirtual.com.ar\/plataformaz\/wp-json\/wp\/v2\/product_tag?post=282"}],"curies":[{"name":"wp","href":"https:\/\/api.w.org\/{rel}","templated":true}]}}