{"id":180,"date":"2024-08-15T15:16:37","date_gmt":"2024-08-15T18:16:37","guid":{"rendered":"https:\/\/www.salavirtual.com.ar\/plataformaz\/?post_type=product&#038;p=180"},"modified":"2026-02-12T12:59:19","modified_gmt":"2026-02-12T15:59:19","slug":"curso-control-de-extintores-portatiles-bajo-normas-iram-35172020","status":"publish","type":"product","link":"https:\/\/www.salavirtual.com.ar\/plataformaz\/producto\/curso-control-de-extintores-portatiles-bajo-normas-iram-35172020\/","title":{"rendered":"CURSO #08: Control de Extintores Port\u00e1tiles bajo normas IRAM 3517:2020"},"content":{"rendered":"\r\n\r\n\r\n<p><span style=\"text-decoration: underline; color: #000000;\"><strong>Objetivo<\/strong><\/span><\/p>\r\n<p><span style=\"color: #000000;\">\r\n\r\n<\/span><\/p>\r\n<p><span style=\"color: #000000;\">Comprender las pautas y requisitos de c\u00f3mo se debe instalar un extintor port\u00e1til de incendios, el proceso de control, y una breve introducci\u00f3n al mantenimiento y recarga.<\/span><\/p>\r\n<p><span style=\"color: #000000;\">\r\n\r\n<\/span><\/p>\r\n<p><span style=\"text-decoration: underline; color: #000000;\"><strong>Metodolog\u00eda<\/strong><\/span><\/p>\r\n<p><span style=\"color: #000000;\">\r\n\r\n<\/span><\/p>\r\n<p><span style=\"color: #000000;\">El curso est\u00e1 dividido en catorce (14) m\u00f3dulos. Cada m\u00f3dulo trata un s\u00f3lo concepto de forma tal que progresivamente se pueda ir construyendo una idea del tema, adem\u00e1s, de poder ir progresando en el curso de a etapas cortas.<\/span><\/p>\r\n<p><span style=\"color: #000000;\">\r\n\r\n<\/span><\/p>\r\n<p><span style=\"color: #000000;\">Cada tema tiene una evaluaci\u00f3n, que se puede hacer varias veces hasta aprobar, como condici\u00f3n para acceder al tema siguiente.<\/span><\/p>\r\n<p><span style=\"color: #000000;\">\r\n\r\n<\/span><\/p>\r\n<p><span style=\"color: #000000;\">Cada actividad se debe aprobar con 6\/10.<\/span><\/p>\r\n<p><span style=\"color: #000000;\">\r\n\r\n<\/span><\/p>\r\n<p><span style=\"color: #000000;\">Se debe aprobar cada cuestionario para acceder el m\u00f3dulo siguiente y\/o entregar el trabajo pr\u00e1ctico previsto, seg\u00fan la programaci\u00f3n de cada m\u00f3dulo.<\/span><\/p>\r\n<p><span style=\"color: #000000;\">\r\n\r\n<\/span><\/p>\r\n<p><span style=\"text-decoration: underline; color: #000000;\"><strong>Dirigido<\/strong><\/span><\/p>\r\n<p><span style=\"color: #000000;\">\r\n\r\n<\/span><\/p>\r\n<p><span style=\"color: #000000;\">Ingenieros\/Licenciados\/T\u00e9cnicos en Higiene y Seguridad en el Trabajo. Profesionales relacionados e interesados en la tem\u00e1tica. Trabajadores que tengan como tarea el control de los extintores de su sector de trabajo.<\/span><\/p>\r\n<p><span style=\"color: #000000;\">\r\n\r\n<\/span><\/p>\r\n<p><span style=\"text-decoration: underline; color: #000000;\"><strong>Requisitos<\/strong><\/span><\/p>\r\n<p><span style=\"color: #000000;\">\r\n\r\n<\/span><\/p>\r\n<p><span style=\"color: #000000;\">Ninguno en particular.<\/span><\/p>\r\n<p><span style=\"color: #000000;\">\r\n\r\n<\/span><\/p>\r\n<p><span style=\"text-decoration: underline; color: #000000;\"><strong>Duraci\u00f3n del Curso<\/strong><\/span><\/p>\r\n<p><span style=\"color: #000000;\">\r\n\r\n<\/span><\/p>\r\n<p><span style=\"color: #000000;\">Treinta (30) d\u00edas es el tiempo que permanece abierta el sal\u00f3n virtual.<\/span><\/p>\r\n<p><span style=\"color: #000000;\">\r\n\r\n<\/span><\/p>\r\n<p><span style=\"text-decoration: underline; color: #000000;\"><strong>Temario<\/strong><\/span><\/p>\r\n<p><span style=\"color: #000000;\">\r\n\r\n<\/span><\/p>\r\n<ul class=\"wp-block-list\">\r\n<li><span style=\"color: #000000;\">La cuesti\u00f3n legal e IRAM.<\/span><\/li>\r\n\r\n\r\n\r\n<li><span style=\"color: #000000;\">La importancia de los extintores.<\/span><\/li>\r\n\r\n\r\n\r\n<li><span style=\"color: #000000;\">La placa de caracter\u00edsticas.<\/span><\/li>\r\n\r\n\r\n\r\n<li><span style=\"color: #000000;\">Identificaci\u00f3n de extintores.<\/span><\/li>\r\n\r\n\r\n\r\n<li><span style=\"color: #000000;\">Principios de selecci\u00f3n.<\/span><\/li>\r\n\r\n\r\n\r\n<li><span style=\"color: #000000;\">Uso de extintores sobre ruedas.<\/span><\/li>\r\n\r\n\r\n\r\n<li><span style=\"color: #000000;\">Pasos para la operaci\u00f3n de extintores.<\/span><\/li>\r\n\r\n\r\n\r\n<li><span style=\"color: #000000;\">M\u00e9todos de operaci\u00f3n de extintores.<\/span><\/li>\r\n\r\n\r\n\r\n<li><span style=\"color: #000000;\">Tipos y usos de extintores.<\/span><\/li>\r\n\r\n\r\n\r\n<li><span style=\"color: #000000;\">Distribuci\u00f3n de extintores.<\/span><\/li>\r\n\r\n\r\n\r\n<li><span style=\"color: #000000;\">Se\u00f1alizaci\u00f3n de extintores.<\/span><\/li>\r\n\r\n\r\n\r\n<li><span style=\"color: #000000;\">El puesto de extinci\u00f3n.<\/span><\/li>\r\n\r\n\r\n\r\n<li><span style=\"color: #000000;\">\u00bfPor qu\u00e9 el control y mantenimiento?<\/span><\/li>\r\n\r\n\r\n\r\n<li><span style=\"color: #000000;\">Control de extintores<\/span><\/li>\r\n\r\n\r\n\r\n<li><span style=\"color: #000000;\">\u00cdtems de control.<\/span><\/li>\r\n\r\n\r\n\r\n<li><span style=\"color: #000000;\">Control de la dotaci\u00f3n.<\/span><\/li>\r\n\r\n\r\n\r\n<li><span style=\"color: #000000;\">Frecuencia de control.<\/span><\/li>\r\n\r\n\r\n\r\n<li><span style=\"color: #000000;\">\u00bfC\u00f3mo sacar de servicio un extintor?<\/span><\/li>\r\n\r\n\r\n\r\n<li><span style=\"color: #000000;\">Introducci\u00f3n al mantenimiento y recarga.<\/span><\/li>\r\n\r\n\r\n\r\n<li><span style=\"color: #000000;\">Inutilizaci\u00f3n de extintores.<\/span><\/li>\r\n\r\n\r\n\r\n<li><span style=\"color: #000000;\">Vida \u00fatil del extintor.<\/span><\/li>\r\n\r\n\r\n\r\n<li><span style=\"color: #000000;\">Marbete Indicador.<\/span><\/li>\r\n\r\n\r\n\r\n<li><span style=\"color: #000000;\">Ensayo hidrost\u00e1tico<\/span><\/li>\r\n\r\n\r\n\r\n<li><span style=\"color: #000000;\">Registros<\/span><\/li>\r\n\r\n\r\n\r\n<li><span style=\"color: #000000;\">Extintores certificados.<\/span><\/li>\r\n\r\n\r\n\r\n<li><span style=\"color: #000000;\">Sello IRAM<\/span><\/li>\r\n<\/ul>\r\n<p><span style=\"color: #000000;\">\r\n\r\n<\/span><\/p>\r\n<p><span style=\"text-decoration: underline; color: #000000;\"><strong>Docente y Moderador de la Sala<\/strong><\/span><\/p>\r\n<p><span style=\"color: #000000;\">\r\n\r\n<\/span><\/p>\r\n<p><span style=\"color: #000000;\">Ing. N\u00e9stor Adolfo BOTTA.<\/span><\/p>\r\n<p><span style=\"color: #000000;\">\r\n\r\n<\/span><\/p>\r\n<p><span style=\"color: #000000;\">Consultas a\u00a0nestor.botta@redproteger.com.ar<\/span><\/p>\r\n<p><span style=\"color: #000000;\">\r\n\r\n<\/span><\/p>\r\n<p><span style=\"text-decoration: underline; color: #000000;\"><strong>Modalidad<\/strong><\/span><\/p>\r\n<p><span style=\"color: #000000;\">\r\n\r\n<\/span><\/p>\r\n<p><span style=\"color: #000000;\">El curso es del tipo virtual a distancia asincr\u00f3nico. Se puede ingresar al sal\u00f3n virtual en el momento que el alumno disponga de tiempo. No hay limitaciones de tiempo dentro del plazo para la culminaci\u00f3n del curso.<\/span><\/p>\r\n<p><span style=\"color: #000000;\">\r\n\r\n<\/span><\/p>\r\n<p><span style=\"color: #000000;\">Se entrega material de lectura digital.<\/span><\/p>\r\n<p><span style=\"color: #000000;\">\r\n\r\n<\/span><\/p>\r\n<p><span style=\"color: #000000;\">Se emite certificado de aprobado digital cuando se cumplan todas las actividades con una nota mayor a 6\/10.<\/span><\/p>\r\n<p><span style=\"color: #000000;\">\r\n\r\n<\/span><\/p>\r\n<p><span style=\"color: #000000;\">El costo del curso no incluye la entrega de ninguna norma IRAM. Las mismas no son necesarias para el desarrollo del curso.<\/span><\/p>\r\n<p><span style=\"color: #000000;\">\r\n\r\n<\/span><\/p>\r\n<p><span style=\"text-decoration: underline; color: #000000;\"><strong>Ingreso a la Sala Virtual<\/strong><\/span><\/p>\r\n<p><span style=\"color: #000000;\">\r\n\r\n<\/span><\/p>\r\n<p><span style=\"color: #000000;\">Una vez acreditado el pago, ser\u00e1 enviado en forma inmediata un email con las instrucciones y la clave de matriculaci\u00f3n para acceder a la Sala, para lo cual se deber\u00e1 realizar el registro en <a style=\"color: #000000;\" href=\"http:\/\/www.salavirtual.com.ar\">www.salavirtual.com.ar<\/a>.<\/span><\/p>\r\n<p><span style=\"color: #000000;\">\r\n\r\n<\/span><\/p>\r\n<p><span style=\"text-decoration: underline; color: #000000;\"><strong>Sobre la Facturaci\u00f3n<\/strong><\/span><\/p>\r\n<p><span style=\"color: #000000;\">\r\n\r\n<\/span><\/p>\r\n<p><span style=\"color: #000000;\">Se emite factura tipo \u00abC\u00bb.<\/span><\/p>\r\n<p><span style=\"color: #000000;\">\r\n\r\n<\/span><\/p>\r\n<p><span style=\"color: #000000;\">Opci\u00f3n de abonar en D\u00f3lares v\u00eda <strong><em>Paypal<\/em><\/strong> para los que no pueden abonar en pesos argentinos (solicitar link de pago a <a style=\"color: #000000;\" href=\"mailto:info@salavirtual.com.ar\">info@salavirtual.com.ar<\/a>).<\/span><\/p>\r\n","protected":false},"excerpt":{"rendered":"<p><span style=\"color: #000000;\">Comprender las pautas y requisitos de c\u00f3mo se debe instalar un extintor port\u00e1til de incendios, el proceso de control, y una breve introducci\u00f3n al mantenimiento y recarga.<\/span><\/p>\n","protected":false},"featured_media":1122,"comment_status":"open","ping_status":"closed","template":"","meta":{"jetpack_publicize_message":"","jetpack_publicize_feature_enabled":true,"jetpack_social_post_already_shared":false,"jetpack_social_options":{"image_generator_settings":{"template":"highway","default_image_id":0,"font":"","enabled":false},"version":2}},"product_brand":[414],"product_cat":[16],"product_tag":[339,342,340],"class_list":{"0":"post-180","1":"product","2":"type-product","3":"status-publish","4":"has-post-thumbnail","6":"product_brand-redproteger","7":"product_cat-extintores-portatiles","8":"product_tag-extintores","9":"product_tag-iram","10":"product_tag-matafuegos","12":"first","13":"instock","14":"virtual","15":"sold-individually","16":"purchasable","17":"product-type-simple"},"jetpack_publicize_connections":[],"jetpack_sharing_enabled":true,"jetpack_likes_enabled":true,"_links":{"self":[{"href":"https:\/\/www.salavirtual.com.ar\/plataformaz\/wp-json\/wp\/v2\/product\/180","targetHints":{"allow":["GET"]}}],"collection":[{"href":"https:\/\/www.salavirtual.com.ar\/plataformaz\/wp-json\/wp\/v2\/product"}],"about":[{"href":"https:\/\/www.salavirtual.com.ar\/plataformaz\/wp-json\/wp\/v2\/types\/product"}],"replies":[{"embeddable":true,"href":"https:\/\/www.salavirtual.com.ar\/plataformaz\/wp-json\/wp\/v2\/comments?post=180"}],"wp:featuredmedia":[{"embeddable":true,"href":"https:\/\/www.salavirtual.com.ar\/plataformaz\/wp-json\/wp\/v2\/media\/1122"}],"wp:attachment":[{"href":"https:\/\/www.salavirtual.com.ar\/plataformaz\/wp-json\/wp\/v2\/media?parent=180"}],"wp:term":[{"taxonomy":"product_brand","embeddable":true,"href":"https:\/\/www.salavirtual.com.ar\/plataformaz\/wp-json\/wp\/v2\/product_brand?post=180"},{"taxonomy":"product_cat","embeddable":true,"href":"https:\/\/www.salavirtual.com.ar\/plataformaz\/wp-json\/wp\/v2\/product_cat?post=180"},{"taxonomy":"product_tag","embeddable":true,"href":"https:\/\/www.salavirtual.com.ar\/plataformaz\/wp-json\/wp\/v2\/product_tag?post=180"}],"curies":[{"name":"wp","href":"https:\/\/api.w.org\/{rel}","templated":true}]}}