{"id":3,"date":"2024-08-12T10:43:30","date_gmt":"2024-08-12T10:43:30","guid":{"rendered":"https:\/\/www.salavirtual.com.ar\/plataformaz\/?page_id=3"},"modified":"2024-09-25T11:55:11","modified_gmt":"2024-09-25T14:55:11","slug":"privacy-policy","status":"publish","type":"page","link":"https:\/\/www.salavirtual.com.ar\/plataformaz\/privacy-policy\/","title":{"rendered":"Pol\u00edtica de Privacidad"},"content":{"rendered":"\n<p><strong>\u00bfQui\u00e9nes somos?<\/strong><\/p>\n\n\n\n<p>Somos <strong>Plataforma Z\u00ae<\/strong>, un espacio dedicado a la venta de cursos asincr\u00f3nicos desarrollados a trav\u00e9s del Portal de cursos <strong>SalaVirtual\u00ae<\/strong>.<\/p>\n\n\n\n<p>Nuestro objetivo es ofrecer una experiencia educativa de alta calidad y accesible para todos.<\/p>\n\n\n\n<p>Somos <strong>RedProteger\u00ae<\/strong>.<\/p>\n\n\n\n<p><strong>Comentarios<\/strong><\/p>\n\n\n\n<p>Al dejar un comentario en nuestro sitio, recopilamos la informaci\u00f3n proporcionada en el formulario de comentarios, junto con la direcci\u00f3n IP del visitante y la cadena de agente de usuario del navegador, para ayudar en la detecci\u00f3n de spam.<\/p>\n\n\n\n<p>Una cadena an\u00f3nima creada a partir de su direcci\u00f3n de correo electr\u00f3nico (tambi\u00e9n llamada hash) puede ser proporcionada al servicio Gravatar para ver si la est\u00e1 utilizando. La pol\u00edtica de privacidad de Gravatar est\u00e1 disponible aqu\u00ed: <a href=\"https:\/\/automattic.com\/privacy\/\">Pol\u00edtica de privacidad de Gravatar<\/a>. Despu\u00e9s de la aprobaci\u00f3n de su comentario, su foto de perfil ser\u00e1 visible para el p\u00fablico en el contexto del comentario.<\/p>\n\n\n\n<p><strong>Medios<\/strong><\/p>\n\n\n\n<p>Si sube im\u00e1genes a nuestro sitio web, debe evitar incluir datos de ubicaci\u00f3n (GPS EXIF). Los visitantes del sitio web pueden descargar y extraer los datos de ubicaci\u00f3n de las im\u00e1genes del sitio.<\/p>\n\n\n\n<p><strong>Cookies<\/strong><\/p>\n\n\n\n<ul class=\"wp-block-list\">\n<li>Si deja un comentario en nuestro sitio, puede optar por guardar su nombre, direcci\u00f3n de correo electr\u00f3nico y sitio web en cookies. Estas cookies durar\u00e1n un a\u00f1o para su conveniencia.<\/li>\n\n\n\n<li>Si visita nuestra p\u00e1gina de inicio de sesi\u00f3n, instalaremos una cookie temporal para determinar si su navegador acepta cookies. Esta cookie no contiene datos personales y se eliminar\u00e1 cuando cierre su navegador.<\/li>\n\n\n\n<li>Al iniciar sesi\u00f3n, instalaremos varias cookies para guardar su informaci\u00f3n de inicio de sesi\u00f3n y sus opciones de visualizaci\u00f3n de pantalla. Las cookies de inicio de sesi\u00f3n duran dos d\u00edas y las de opciones de pantalla, un a\u00f1o. Si selecciona \u00abRecordarme\u00bb, el inicio de sesi\u00f3n persistir\u00e1 durante dos semanas. Al cerrar sesi\u00f3n, se eliminar\u00e1n las cookies de inicio de sesi\u00f3n.<\/li>\n\n\n\n<li>Si edita o publica un art\u00edculo, una cookie adicional se guardar\u00e1 en su navegador, indicando el ID de publicaci\u00f3n del art\u00edculo que acaba de editar. Caduca a los 1 d\u00eda.<\/li>\n<\/ul>\n\n\n\n<p><strong>Contenido incrustado de otros sitios web<\/strong><\/p>\n\n\n\n<p>Los art\u00edculos de este sitio pueden incluir contenido incrustado (videos, im\u00e1genes, art\u00edculos, etc.). El contenido incrustado de otros sitios web se comporta de la misma manera que si el visitante hubiera visitado el otro sitio web.<\/p>\n\n\n\n<p>Estos sitios web pueden recopilar datos sobre usted, utilizar cookies, incrustar seguimiento adicional de terceros y monitorear su interacci\u00f3n con el contenido incrustado, incluyendo su interacci\u00f3n si tiene una cuenta y ha iniciado sesi\u00f3n en ese sitio web.<\/p>\n\n\n\n<p><strong>Con qui\u00e9n compartimos sus datos<\/strong><\/p>\n\n\n\n<p>Si solicita un restablecimiento de contrase\u00f1a, su direcci\u00f3n IP ser\u00e1 incluida en el correo electr\u00f3nico de restablecimiento.<\/p>\n\n\n\n<p><strong>Durante cu\u00e1nto tiempo conservamos sus datos<\/strong><\/p>\n\n\n\n<ul class=\"wp-block-list\">\n<li>Los comentarios y sus metadatos se conservan indefinidamente para poder reconocer y aprobar autom\u00e1ticamente cualquier comentario de seguimiento.<\/li>\n\n\n\n<li>Para los usuarios registrados en nuestro sitio web, almacenamos la informaci\u00f3n personal proporcionada en su perfil de usuario. Todos los usuarios pueden ver, editar o eliminar su informaci\u00f3n personal en cualquier momento (excepto su nombre de usuario). Los administradores del sitio tambi\u00e9n pueden ver y editar esa informaci\u00f3n.<\/li>\n<\/ul>\n\n\n\n<p><strong>Qu\u00e9 derechos tiene sobre sus datos<\/strong><\/p>\n\n\n\n<p>Si tiene una cuenta en este sitio o ha dejado comentarios, puede solicitar que eliminemos cualquier dato personal que tengamos sobre usted, exceptuando aquellos que estamos obligados a conservar por motivos administrativos, legales o de seguridad.<\/p>\n\n\n\n<p><strong>D\u00f3nde se env\u00edan sus datos<\/strong><\/p>\n\n\n\n<p>Los comentarios de los visitantes pueden ser revisados a trav\u00e9s de un servicio de detecci\u00f3n autom\u00e1tica de spam.<\/p>\n\n\n\n<p>En <strong>SalaVirtual<\/strong>\u00ae y <strong>Plataforma Z<\/strong>\u00ae nos comprometemos a proteger su privacidad y sus datos personales mientras disfruta de nuestras actividades educativas en l\u00ednea.<\/p>\n","protected":false},"excerpt":{"rendered":"<p>\u00bfQui\u00e9nes somos? Somos Plataforma Z\u00ae, un espacio dedicado a la venta de cursos asincr\u00f3nicos desarrollados a trav\u00e9s del Portal de cursos SalaVirtual\u00ae. Nuestro objetivo es ofrecer una experiencia educativa de alta calidad y accesible para todos. Somos RedProteger\u00ae. Comentarios Al dejar un comentario en nuestro sitio, recopilamos la informaci\u00f3n proporcionada en el formulario de comentarios, [&hellip;]<\/p>\n","protected":false},"author":1,"featured_media":0,"parent":0,"menu_order":0,"comment_status":"closed","ping_status":"open","template":"","meta":{"footnotes":""},"class_list":["post-3","page","type-page","status-publish","hentry"],"jetpack_sharing_enabled":true,"jetpack_likes_enabled":true,"jetpack_shortlink":"https:\/\/wp.me\/PfY0d6-3","_links":{"self":[{"href":"https:\/\/www.salavirtual.com.ar\/plataformaz\/wp-json\/wp\/v2\/pages\/3","targetHints":{"allow":["GET"]}}],"collection":[{"href":"https:\/\/www.salavirtual.com.ar\/plataformaz\/wp-json\/wp\/v2\/pages"}],"about":[{"href":"https:\/\/www.salavirtual.com.ar\/plataformaz\/wp-json\/wp\/v2\/types\/page"}],"author":[{"embeddable":true,"href":"https:\/\/www.salavirtual.com.ar\/plataformaz\/wp-json\/wp\/v2\/users\/1"}],"replies":[{"embeddable":true,"href":"https:\/\/www.salavirtual.com.ar\/plataformaz\/wp-json\/wp\/v2\/comments?post=3"}],"version-history":[{"count":0,"href":"https:\/\/www.salavirtual.com.ar\/plataformaz\/wp-json\/wp\/v2\/pages\/3\/revisions"}],"wp:attachment":[{"href":"https:\/\/www.salavirtual.com.ar\/plataformaz\/wp-json\/wp\/v2\/media?parent=3"}],"curies":[{"name":"wp","href":"https:\/\/api.w.org\/{rel}","templated":true}]}}